{"id":1017,"date":"2020-07-15T18:44:24","date_gmt":"2020-07-15T18:44:24","guid":{"rendered":"https:\/\/voimlemispidu.ee\/?page_id=1017"},"modified":"2025-04-04T12:23:27","modified_gmt":"2025-04-04T09:23:27","slug":"privaatsustingimused-2","status":"publish","type":"page","link":"https:\/\/voimlemispidu.ee\/en\/privaatsustingimused-2\/","title":{"rendered":"Privaatsustingimused \/ Privacy policy"},"content":{"rendered":"<p>1. KLIENDI ISIKUANDMETE T\u00d6\u00d6TLEMINE<\/p>\n\n\n\n<p>1.1. Ettev\u00f5te t\u00f6\u00f6tleb Kliendi esitatud isikuandmeid koosk\u00f5las isikuandmete kaitse seaduses kehtestatud n\u00f5uetega.<\/p>\n\n\n\n<p>1.2. T\u00f6\u00f6deldavateks isikuandmeteks on andmed, mida k\u00fcsitakse Kliendilt konto registreerimisel ja\/v\u00f5i Tellimuse vormistamisel (ees- ja perekonnanimi, aadress, telefoninumber, e-posti aadress, arvelduskonto number, ostukorvi sisu).<\/p>\n\n\n\n<p>1.3. Ettev\u00f5te t\u00f6\u00f6tleb Kliendi isikuandmeid Tellimuste t\u00e4itmiseks (sh Tellimusega seotud teadete edastamiseks), Toodete eest tasumiseks, Toodete k\u00e4ttetoimetamiseks ning personaalsete pakkumiste koostamiseks.<\/p>\n\n\n\n<p>1.4. Kliendi isikuandmete vastutav t\u00f6\u00f6tleja on MT\u00dc Eesti Spordiselts Kalev, registrikoodiga 80028946, aadressiga Staadioni 3, 10132 Tallinn.<\/p>\n\n\n\n<p>1.5. Ettev\u00f5te ei edasta Kliendi isikuandmeid kolmandatele isikutele, v.a:<\/p>\n\n\n\n<p>1.5.1. kullerteenust pakkuvale ettev\u00f5tjale ulatuses, mis on vajalik Toodete Kliendile k\u00e4ttetoimetamiseks v\u00f5i teenuse tarbimiseks;<\/p>\n\n\n\n<p>1.5.2. Tellimuses sisalduvate Toodete tarnijatele (kliendi nimi, aadress ja telefoninumber) Tellimuse t\u00e4itmiseks ja klienditeeninduse tagamiseks.<\/p>\n\n\n\n<p>1.5.3. Registreeritud v\u00f5imlejate, treenerite ja vabatahtlike isikuandmeid kasutatakse tulemuste avaldamisel, protokollis, rgform.eu keskkonnas, spordialaliidu kodulehel ja sotsiaalmeediakanalites. V\u00f5istlusele registreerides annavad v\u00f5imlejad, treenerid, vabatahtlikud loa endast tehtud visuaalseid materjale avaldada (fotod, videod). Juhul kui isik ei ole n\u00f5us oma isikuandmete kuvamisega, tuleb sellest teavitada alaliitu kirjalikult hiljemalt v\u00f5imlemispeo alguseks. V\u00f5imlemispeol on lubatud video- ja fotode tegemine ainult akrediteeritud ajakirjanikel ja fotograafidel (registreerimine rgform.eu keskkonnas v\u00f5i kohapeal).<\/p>\n\n\n\n<p>1.6. Punktides 1.5.1 ja 1.5.2 s\u00e4testatud juhtudel t\u00f6\u00f6deldakse Kliendi isikandmeid eranditult Tellimuse t\u00e4itmise otstarbel ning volitatud t\u00f6\u00f6tlejad tagavad sama isikuandmete kaitse taseme nagu Ettev\u00f5te.<\/p>\n\n\n\n<p>1.7. Kliendil on igal ajal \u00f5igus tutvuda oma isikuandmetega ning n\u00f5uda nende andmete parandamist v\u00f5i kustutamist, v.a kui seadus s\u00e4testab teisiti.<\/p>\n\n\n\n<p>1.7. Kui Klient on avaldanud soovi saada Ettev\u00f5tte uudiskirju ja\/v\u00f5i personaalseid pakkumisi, on Kliendil alati \u00f5igus nendest loobuda, saates vastavasisulise teavituse Ettev\u00f5tte e-posti aadressile info@eestikalev.ee v\u00f5i vajutades iga pakkumise juures n\u00e4idatud vastavale lingile.<\/p>\n\n\n\n<h4 class=\"wp-block-heading\">In English<\/h4>\n\n\n\n<p>1. PROCESSING OF CUSTOMER PERSONAL DATA<\/p>\n\n\n\n<p>1.1. The Company processes the personal data submitted by the Customer in accordance with the requirements established in the Personal Data Protection Act.<\/p>\n\n\n\n<p>1.2. The personal data to be processed is the data that is requested from the Customer when registering an account and \/ or placing an Order (first and last name, address, telephone number, e-mail address, current account number, contents of the shopping cart).<\/p>\n\n\n\n<p>1.3. The Company processes the Customer\u2019s personal data for the fulfillment of Orders (incl. For the transmission of notices related to the Order), for payment for the Products, for delivery of the Products and for preparation of personal offers.<\/p>\n\n\n\n<p>1.4. The chief processor of the client\u2019s personal data is MT\u00dc Eesti Spordiselts Kalev, registry code 80028946, address Staadioni 3, 10132 Tallinn.<\/p>\n\n\n\n<p>1.5. The Company does not transfer the Client\u2019s personal data to third parties, except for:<\/p>\n\n\n\n<p>1.5.1. to an undertaking providing courier services to the extent necessary for the delivery of the Products to the Customer or for the consumption of the service;<\/p>\n\n\n\n<p>1.5.2. To the suppliers of the Products included in the Order (customer\u2019s name, address and telephone number) to fulfill the Order and ensure customer service.<\/p>\n\n\n\n<p>1.5.3. The personal data of registered gymnasts, coaches and volunteers is used in the publication of results, in the protocol, in the rgform.eu environment, on the website of the sports association and on social media channels. When registering for the competition, gymnasts, coaches and volunteers give permission to publish visual materials (photos, videos). If a person does not consent to the disclosure of his or her personal data, the federation must be notified in writing at the latest by the beginning of the gymnastics party. Only accredited journalists and photographers are allowed to take videos and photos at the gym (registration in the rgform.eu environment or on site).<\/p>\n\n\n\n<p>1.6. In the cases provided for in clauses 1.5.1 and 1.5.2, the Customer\u2019s personal data is processed exclusively for the purpose of fulfilling the Order and the authorized processors ensure the same level of personal data protection as the Company.<\/p>\n\n\n\n<p>1.7. The customer has the right to inspect his or her personal data at any time and to request that this data be corrected or deleted, unless otherwise provided by law.<\/p>\n\n\n\n<p>1.7. If the Client has expressed a wish to receive the Company\u2019s newsletters and \/ or personal offers, the Client always has the right to cancel them by sending a corresponding notification to the Company\u2019s e-mail address info@eestikalev.ee or by clicking on the corresponding link shown for each offer.<\/p>","protected":false},"excerpt":{"rendered":"<p>1. KLIENDI ISIKUANDMETE T\u00d6\u00d6TLEMINE 1.1. Ettev\u00f5te t\u00f6\u00f6tleb Kliendi esitatud isikuandmeid koosk\u00f5las isikuandmete kaitse seaduses kehtestatud n\u00f5uetega. 1.2. T\u00f6\u00f6deldavateks isikuandmeteks on andmed, mida k\u00fcsitakse Kliendilt konto registreerimisel ja\/v\u00f5i Tellimuse vormistamisel (ees- ja perekonnanimi, aadress, telefoninumber, e-posti aadress, arvelduskonto number, ostukorvi sisu). 1.3. Ettev\u00f5te t\u00f6\u00f6tleb Kliendi isikuandmeid Tellimuste t\u00e4itmiseks (sh Tellimusega seotud teadete edastamiseks), Toodete eest tasumiseks, [&hellip;]<\/p>\n","protected":false},"author":2,"featured_media":0,"parent":0,"menu_order":0,"comment_status":"closed","ping_status":"closed","template":"","meta":{"footnotes":""},"class_list":["post-1017","page","type-page","status-publish","hentry"],"yoast_head":"<!-- This site is optimized with the Yoast SEO plugin v27.3 - https:\/\/yoast.com\/product\/yoast-seo-wordpress\/ -->\n<title>Privaatsustingimused \/ Privacy policy | V\u00f5imlemispidu.ee<\/title>\n<meta name=\"robots\" content=\"index, follow, max-snippet:-1, max-image-preview:large, max-video-preview:-1\" \/>\n<link rel=\"canonical\" href=\"https:\/\/voimlemispidu.ee\/en\/privaatsustingimused-2\/\" \/>\n<meta property=\"og:locale\" content=\"en_GB\" \/>\n<meta property=\"og:type\" content=\"article\" \/>\n<meta property=\"og:title\" content=\"Privaatsustingimused \/ Privacy policy | V\u00f5imlemispidu.ee\" \/>\n<meta property=\"og:description\" content=\"1. KLIENDI ISIKUANDMETE T\u00d6\u00d6TLEMINE 1.1. Ettev\u00f5te t\u00f6\u00f6tleb Kliendi esitatud isikuandmeid koosk\u00f5las isikuandmete kaitse seaduses kehtestatud n\u00f5uetega. 1.2. T\u00f6\u00f6deldavateks isikuandmeteks on andmed, mida k\u00fcsitakse Kliendilt konto registreerimisel ja\/v\u00f5i Tellimuse vormistamisel (ees- ja perekonnanimi, aadress, telefoninumber, e-posti aadress, arvelduskonto number, ostukorvi sisu). 1.3. Ettev\u00f5te t\u00f6\u00f6tleb Kliendi isikuandmeid Tellimuste t\u00e4itmiseks (sh Tellimusega seotud teadete edastamiseks), Toodete eest tasumiseks, [&hellip;]\" \/>\n<meta property=\"og:url\" content=\"https:\/\/voimlemispidu.ee\/en\/privaatsustingimused-2\/\" \/>\n<meta property=\"og:site_name\" content=\"V\u00f5imlemispidu\" \/>\n<meta property=\"article:publisher\" content=\"https:\/\/www.facebook.com\/5voimlemispidu\" \/>\n<meta property=\"article:modified_time\" content=\"2025-04-04T09:23:27+00:00\" \/>\n<meta name=\"twitter:card\" content=\"summary_large_image\" \/>\n<meta name=\"twitter:label1\" content=\"Estimated reading time\" \/>\n\t<meta name=\"twitter:data1\" content=\"4 minutes\" \/>\n<script type=\"application\/ld+json\" class=\"yoast-schema-graph\">{\"@context\":\"https:\\\/\\\/schema.org\",\"@graph\":[{\"@type\":\"WebPage\",\"@id\":\"https:\\\/\\\/voimlemispidu.ee\\\/privaatsustingimused-2\\\/\",\"url\":\"https:\\\/\\\/voimlemispidu.ee\\\/privaatsustingimused-2\\\/\",\"name\":\"Privaatsustingimused \\\/ Privacy policy | V\u00f5imlemispidu.ee\",\"isPartOf\":{\"@id\":\"https:\\\/\\\/voimlemispidu.ee\\\/#website\"},\"datePublished\":\"2020-07-15T18:44:24+00:00\",\"dateModified\":\"2025-04-04T09:23:27+00:00\",\"breadcrumb\":{\"@id\":\"https:\\\/\\\/voimlemispidu.ee\\\/privaatsustingimused-2\\\/#breadcrumb\"},\"inLanguage\":\"en-GB\",\"potentialAction\":[{\"@type\":\"ReadAction\",\"target\":[\"https:\\\/\\\/voimlemispidu.ee\\\/privaatsustingimused-2\\\/\"]}]},{\"@type\":\"BreadcrumbList\",\"@id\":\"https:\\\/\\\/voimlemispidu.ee\\\/privaatsustingimused-2\\\/#breadcrumb\",\"itemListElement\":[{\"@type\":\"ListItem\",\"position\":1,\"name\":\"Home\",\"item\":\"https:\\\/\\\/voimlemispidu.ee\\\/\"},{\"@type\":\"ListItem\",\"position\":2,\"name\":\"Privaatsustingimused \\\/ Privacy policy\"}]},{\"@type\":\"WebSite\",\"@id\":\"https:\\\/\\\/voimlemispidu.ee\\\/#website\",\"url\":\"https:\\\/\\\/voimlemispidu.ee\\\/\",\"name\":\"V\u00f5imlemispidu.ee\",\"description\":\"V\u00f5imlemispidude ametlik portaal\",\"publisher\":{\"@id\":\"https:\\\/\\\/voimlemispidu.ee\\\/#organization\"},\"potentialAction\":[{\"@type\":\"SearchAction\",\"target\":{\"@type\":\"EntryPoint\",\"urlTemplate\":\"https:\\\/\\\/voimlemispidu.ee\\\/?s={search_term_string}\"},\"query-input\":{\"@type\":\"PropertyValueSpecification\",\"valueRequired\":true,\"valueName\":\"search_term_string\"}}],\"inLanguage\":\"en-GB\"},{\"@type\":\"Organization\",\"@id\":\"https:\\\/\\\/voimlemispidu.ee\\\/#organization\",\"name\":\"V\u00f5imlemispidu.ee\",\"url\":\"https:\\\/\\\/voimlemispidu.ee\\\/\",\"logo\":{\"@type\":\"ImageObject\",\"inLanguage\":\"en-GB\",\"@id\":\"https:\\\/\\\/voimlemispidu.ee\\\/#\\\/schema\\\/logo\\\/image\\\/\",\"url\":\"https:\\\/\\\/voimlemispidu.ee\\\/wp-content\\\/uploads\\\/2020\\\/07\\\/voimlemispidu_logo3_eng.png\",\"contentUrl\":\"https:\\\/\\\/voimlemispidu.ee\\\/wp-content\\\/uploads\\\/2020\\\/07\\\/voimlemispidu_logo3_eng.png\",\"width\":1008,\"height\":245,\"caption\":\"V\u00f5imlemispidu.ee\"},\"image\":{\"@id\":\"https:\\\/\\\/voimlemispidu.ee\\\/#\\\/schema\\\/logo\\\/image\\\/\"},\"sameAs\":[\"https:\\\/\\\/www.facebook.com\\\/5voimlemispidu\"]}]}<\/script>\n<!-- \/ Yoast SEO plugin. -->","yoast_head_json":{"title":"Privaatsustingimused \/ Privacy policy | V\u00f5imlemispidu.ee","robots":{"index":"index","follow":"follow","max-snippet":"max-snippet:-1","max-image-preview":"max-image-preview:large","max-video-preview":"max-video-preview:-1"},"canonical":"https:\/\/voimlemispidu.ee\/en\/privaatsustingimused-2\/","og_locale":"en_GB","og_type":"article","og_title":"Privaatsustingimused \/ Privacy policy | V\u00f5imlemispidu.ee","og_description":"1. KLIENDI ISIKUANDMETE T\u00d6\u00d6TLEMINE 1.1. Ettev\u00f5te t\u00f6\u00f6tleb Kliendi esitatud isikuandmeid koosk\u00f5las isikuandmete kaitse seaduses kehtestatud n\u00f5uetega. 1.2. T\u00f6\u00f6deldavateks isikuandmeteks on andmed, mida k\u00fcsitakse Kliendilt konto registreerimisel ja\/v\u00f5i Tellimuse vormistamisel (ees- ja perekonnanimi, aadress, telefoninumber, e-posti aadress, arvelduskonto number, ostukorvi sisu). 1.3. Ettev\u00f5te t\u00f6\u00f6tleb Kliendi isikuandmeid Tellimuste t\u00e4itmiseks (sh Tellimusega seotud teadete edastamiseks), Toodete eest tasumiseks, [&hellip;]","og_url":"https:\/\/voimlemispidu.ee\/en\/privaatsustingimused-2\/","og_site_name":"V\u00f5imlemispidu","article_publisher":"https:\/\/www.facebook.com\/5voimlemispidu","article_modified_time":"2025-04-04T09:23:27+00:00","twitter_card":"summary_large_image","twitter_misc":{"Estimated reading time":"4 minutes"},"schema":{"@context":"https:\/\/schema.org","@graph":[{"@type":"WebPage","@id":"https:\/\/voimlemispidu.ee\/privaatsustingimused-2\/","url":"https:\/\/voimlemispidu.ee\/privaatsustingimused-2\/","name":"Privaatsustingimused \/ Privacy policy | V\u00f5imlemispidu.ee","isPartOf":{"@id":"https:\/\/voimlemispidu.ee\/#website"},"datePublished":"2020-07-15T18:44:24+00:00","dateModified":"2025-04-04T09:23:27+00:00","breadcrumb":{"@id":"https:\/\/voimlemispidu.ee\/privaatsustingimused-2\/#breadcrumb"},"inLanguage":"en-GB","potentialAction":[{"@type":"ReadAction","target":["https:\/\/voimlemispidu.ee\/privaatsustingimused-2\/"]}]},{"@type":"BreadcrumbList","@id":"https:\/\/voimlemispidu.ee\/privaatsustingimused-2\/#breadcrumb","itemListElement":[{"@type":"ListItem","position":1,"name":"Home","item":"https:\/\/voimlemispidu.ee\/"},{"@type":"ListItem","position":2,"name":"Privaatsustingimused \/ Privacy policy"}]},{"@type":"WebSite","@id":"https:\/\/voimlemispidu.ee\/#website","url":"https:\/\/voimlemispidu.ee\/","name":"V\u00f5imlemispidu.ee","description":"V\u00f5imlemispidude ametlik portaal","publisher":{"@id":"https:\/\/voimlemispidu.ee\/#organization"},"potentialAction":[{"@type":"SearchAction","target":{"@type":"EntryPoint","urlTemplate":"https:\/\/voimlemispidu.ee\/?s={search_term_string}"},"query-input":{"@type":"PropertyValueSpecification","valueRequired":true,"valueName":"search_term_string"}}],"inLanguage":"en-GB"},{"@type":"Organization","@id":"https:\/\/voimlemispidu.ee\/#organization","name":"V\u00f5imlemispidu.ee","url":"https:\/\/voimlemispidu.ee\/","logo":{"@type":"ImageObject","inLanguage":"en-GB","@id":"https:\/\/voimlemispidu.ee\/#\/schema\/logo\/image\/","url":"https:\/\/voimlemispidu.ee\/wp-content\/uploads\/2020\/07\/voimlemispidu_logo3_eng.png","contentUrl":"https:\/\/voimlemispidu.ee\/wp-content\/uploads\/2020\/07\/voimlemispidu_logo3_eng.png","width":1008,"height":245,"caption":"V\u00f5imlemispidu.ee"},"image":{"@id":"https:\/\/voimlemispidu.ee\/#\/schema\/logo\/image\/"},"sameAs":["https:\/\/www.facebook.com\/5voimlemispidu"]}]}},"_links":{"self":[{"href":"https:\/\/voimlemispidu.ee\/en\/wp-json\/wp\/v2\/pages\/1017","targetHints":{"allow":["GET"]}}],"collection":[{"href":"https:\/\/voimlemispidu.ee\/en\/wp-json\/wp\/v2\/pages"}],"about":[{"href":"https:\/\/voimlemispidu.ee\/en\/wp-json\/wp\/v2\/types\/page"}],"author":[{"embeddable":true,"href":"https:\/\/voimlemispidu.ee\/en\/wp-json\/wp\/v2\/users\/2"}],"replies":[{"embeddable":true,"href":"https:\/\/voimlemispidu.ee\/en\/wp-json\/wp\/v2\/comments?post=1017"}],"version-history":[{"count":0,"href":"https:\/\/voimlemispidu.ee\/en\/wp-json\/wp\/v2\/pages\/1017\/revisions"}],"wp:attachment":[{"href":"https:\/\/voimlemispidu.ee\/en\/wp-json\/wp\/v2\/media?parent=1017"}],"curies":[{"name":"wp","href":"https:\/\/api.w.org\/{rel}","templated":true}]}}