{"id":308,"date":"2020-06-11T16:31:11","date_gmt":"2020-06-11T16:31:11","guid":{"rendered":"https:\/\/voimlemispidu.ee\/?page_id=308"},"modified":"2022-01-24T16:08:08","modified_gmt":"2022-01-24T14:08:08","slug":"voimlemine","status":"publish","type":"page","link":"https:\/\/voimlemispidu.ee\/en\/voimlemine\/","title":{"rendered":"V\u00f5imlemine on liikumine &#8211; liikumine on elu"},"content":{"rendered":"<div data-elementor-type=\"wp-page\" data-elementor-id=\"308\" class=\"elementor elementor-308\" data-elementor-post-type=\"page\">\n\t\t\t\t\t\t<section class=\"elementor-section elementor-top-section elementor-element elementor-element-3d0f3277 elementor-section-boxed elementor-section-height-default elementor-section-height-default\" data-id=\"3d0f3277\" data-element_type=\"section\" data-e-type=\"section\">\n\t\t\t\t\t\t<div class=\"elementor-container elementor-column-gap-default\">\n\t\t\t\t\t<div class=\"elementor-column elementor-col-100 elementor-top-column elementor-element elementor-element-66312a8b\" data-id=\"66312a8b\" data-element_type=\"column\" data-e-type=\"column\">\n\t\t\t<div class=\"elementor-widget-wrap elementor-element-populated\">\n\t\t\t\t\t\t<div class=\"elementor-element elementor-element-7288d60d elementor-widget elementor-widget-text-editor\" data-id=\"7288d60d\" data-element_type=\"widget\" data-e-type=\"widget\" data-widget_type=\"text-editor.default\">\n\t\t\t\t<div class=\"elementor-widget-container\">\n\t\t\t\t\t\t\t\t\t\n<h2 class=\"wp-block-heading\">Eesti Spordiselts KALEV on massv\u00f5imlemise h\u00e4ll<\/h2>\n\n\n\n<p>Spordiselts KALEV korraldab iga viie aasta tagant harrastusv\u00f5imlemise suurima s\u00fcndmuse \u2013 Eestimaa v\u00f5imlemispeo, mis on omasuguste seas Baltimaade suurim. Peole eelneb mitmeaastane ettevalmistuprogramm. V\u00f5imlemispidu pakub suurep\u00e4raseid elamusi v\u00f5imlejale, publikule ja televaatajale. Pidu \u00fchendab harrastusv\u00f5imlemise kaudu algajad ja edasij\u00f5udnud, noored ja vanad, mehed ja naised. Pidu korraldatakse rahvusvahelise &#8220;Gymnastics for All&#8221;  (V\u00f5imlemine K\u00f5igile) 4 F-filosoofia alusel. Rahvusvahelised harrastusv\u00f5imlemise tunnuss\u00f5nad on &#8220;fitness&#8221;, &#8220;friends&#8221;, &#8220;functionality&#8221;, &#8220;fun&#8221;. Eesti kontekstis lisanduvad &#8220;family&#8221; ja  &#8220;folkculture&#8221;. Pidu pakub elukestvat osalemisr\u00f5\u00f5mu eesti eakatele, s.h. endistele spordiveteranidele. Staadionile koguneb \u00fcle 6 000 v\u00f5imleja nii Eestist, kui v\u00e4lismaalt. V\u00f5imlemispeo kannab televaatajani \u00fcle ja j\u00e4\u00e4dvustab Eesti Rahvusringh\u00e4\u00e4ling.<\/p>\n\n\n\n<p>Spordiorganisatsioonis KALEV on rajatud \u00fcleriigilise massv\u00f5imlemise koordineerimiseks vajalik ainulaadne professionaalne struktuur. KALEVi koosseisu kuuluvad klubid, kes korraldavad maakondlikke ja piirkondlikke massv\u00f5imlemis\u00fcritusi. Samas \u00fchendab KALEVi juures tegutsev Kalevi V\u00f5imlemistreenerite Klubi KATREK enda tiiva alla eesti massv\u00f5imlemise &#8220;s\u00e4deinimesed&#8221; \u2013 lasteaia liikumis\u00f5petajad, koolide kehalise kasvatuse \u00f5petajad, klubide treenerid, vabatahtlikud abijuhendajad jne. KALEV t\u00f6\u00f6tab sarnaselt Eesti Laulu- ja Tantsupeo Sihtasutusele. Eestimaa V\u00f5imlemispeod toimuvad \u00fcle viie aasta. Selle peoni j\u00f5utakse neljaastase protsessi tulemusena. Massv\u00f5imlemiskavad toidavad ja arendavad igap\u00e4evaselt kooli v\u00f5imlemistunde, kooli ringitunde, spordiklubide \u00dcKE treeninguid. KALEV organiseerib v\u00f5imlemispeo r\u00fchmajuhendajatele t\u00e4iendkursused &#8211; Eesti V\u00f5imlemispidude Aktiiv\u00f5ppe P\u00e4evad, mida arvestatakse spordi- ja erialaalaliitudes ning atesteerimiskomisjonides erialalise t\u00e4iend\u00f5ppena.<\/p>\n\n\n\n<p>Eestimaa v\u00f5imlemispidude riiklik toetuss\u00fcsteem peaks olema v\u00f5rdv\u00e4\u00e4rne ja analoogne rahvatantsupidude jaoks v\u00e4lja arendatud toetusmeetmetele. Toetuste m\u00e4\u00e4r peaks s\u00f5ltuma v\u00f5imlejate ja juhendajate arvust. Seal hulgas arvestatud ka eriolukorrast tingitud kriisiabiga Eestimaa v\u00f5imlemispeo liikumises osalevatele kollektiivijuhtidele.<\/p>\n\n\n\n<p><em>VI Eestimaa v\u00f5imlemispidu toimub 4.juulil 2021 Kalevi staadionil  &#8211; aasta hiljem toimub XIII noorte tantsupidu<\/em>.<\/p>\n\n\n\n<h2 class=\"wp-block-heading\">Mis on v\u00f5imlemine?<\/h2>\n\n\n\n<p><em>V\u00f5imlemine on universaalne ala, mis v\u00f5imaldab komplekselt (taas)arendada inimese kehalisi oskusi ja v\u00f5imeid. V\u00f5imlemine&nbsp;on spordiala, mis arendab f\u00fc\u00fcsilist j\u00f5udu, koordinatsiooni, kiirust, painduvust ja liigutuste sujuvust. V\u00f5imlemise peamine eesm\u00e4rk on arendada ja s\u00e4ilitada inimese peamised kehalised oskused &#8211; k\u00f5nd, jooks, kehahoid asendites ja liikumises.<\/em><\/p>\n\n\n\n<p><em>V\u00f5imlemine on paljudes riikides peamine noorsoo kehalise kasvatuse koostisosa<\/em>. <em>Paljusid v\u00f5imlemisharjutuste sooritamisel omandatud oskusi on v\u00f5imalik kasutada ka teistel spordialadel v\u00f5i tegevustes. V\u00f5imlemine on spordialade kuningas. Nii palju alaliike kui v\u00f5imlemisel ei ole \u00fchelgi teisel spordialal.<\/em><\/p>\n\n\n\n<h2 class=\"wp-block-heading\"><\/h2>\n\n\n\n<h2 class=\"wp-block-heading\"><em>Mis on harrastusv\u00f5imlemine?<\/em><\/h2>\n\n\n\n<p>Sageli on harrastusv\u00f5imlemist k\u00e4sitletud eraldi v\u00f5imlemise alaliigina. Tegelikult iseloomustab harratsusv\u00f5imlemist k\u00f5ige paremini treenimise eesm\u00e4rk ja sagedus. Ehk kui v\u00f5imlejad treenivad 1-2 korda n\u00e4dalas, siis v\u00f5ib neid kutsuda harrastusv\u00f5imlejateks, olenemata millise v\u00f5imlemise alaliigiga nad tegelevad. Kui v\u00f5imlejate treenimise eesm\u00e4rk on mittev\u00f5istluslik, terviseedenduslik ja rekreatiivne,  v\u00f5ib neid samuti kutsuda harrastusv\u00f5imlejateks. Seega on harrastusv\u00f5imlemise valdkond v\u00e4ga laia kandepinnaga.<\/p>\n\n\n\n<p>\u00dclemaailmne v\u00f5imlemisorganisatsioon FIG nimetab harrastusv\u00f5imlemist <em>Gymnastic for All .<\/em> FIG m\u00e4\u00e4ratleb Gymnastic for All 4 F- filosoofiaga. Kui tegeletakse v\u00f5imlemise \u00fcksk\u00f5ik millise alaliigiga nii , et tegevuse tunnuss\u00f5nadeks sobivad FUN-FRIENDS-FITNESS-FUNDAMENTALS =  4F, siis on tegemist harrastusv\u00f5imlemise valdkonnaga. Harrastusv\u00f5imlemine tekitab eelk\u00f5ige heaolutunde, aitab luua sotsiaalseid sidemeid, annab hea kehalise valmiduse ja hoiab t\u00f6\u00f6korras igap\u00e4evaseks toimetulekuks vajalikku kehalist v\u00f5imekust.<\/p>\n\n\n\n<h2 class=\"wp-block-heading\"><\/h2>\n\n\n\n<p><\/p>\n\t\t\t\t\t\t\t\t<\/div>\n\t\t\t\t<\/div>\n\t\t\t\t\t<\/div>\n\t\t<\/div>\n\t\t\t\t\t<\/div>\n\t\t<\/section>\n\t\t\t\t<\/div>","protected":false},"excerpt":{"rendered":"<p>Eesti Spordiselts KALEV on massv\u00f5imlemise h\u00e4ll Spordiselts KALEV korraldab iga viie aasta tagant harrastusv\u00f5imlemise suurima s\u00fcndmuse \u2013 Eestimaa v\u00f5imlemispeo, mis on omasuguste seas Baltimaade suurim. Peole eelneb mitmeaastane ettevalmistuprogramm. V\u00f5imlemispidu pakub suurep\u00e4raseid elamusi v\u00f5imlejale, publikule ja televaatajale. Pidu \u00fchendab harrastusv\u00f5imlemise kaudu algajad ja edasij\u00f5udnud, noored ja vanad, mehed ja naised. Pidu korraldatakse rahvusvahelise &#8220;Gymnastics for [&hellip;]<\/p>\n","protected":false},"author":25,"featured_media":5261,"parent":0,"menu_order":0,"comment_status":"closed","ping_status":"closed","template":"","meta":{"footnotes":""},"class_list":["post-308","page","type-page","status-publish","has-post-thumbnail","hentry"],"yoast_head":"<!-- This site is optimized with the Yoast SEO plugin v27.3 - https:\/\/yoast.com\/product\/yoast-seo-wordpress\/ -->\n<title>V\u00f5imlemine on liikumine - liikumine on elu | V\u00f5imlemispidu.ee<\/title>\n<meta name=\"robots\" content=\"index, follow, max-snippet:-1, max-image-preview:large, max-video-preview:-1\" \/>\n<link rel=\"canonical\" href=\"https:\/\/voimlemispidu.ee\/en\/voimlemine\/\" \/>\n<meta property=\"og:locale\" content=\"en_GB\" \/>\n<meta property=\"og:type\" content=\"article\" \/>\n<meta property=\"og:title\" content=\"V\u00f5imlemine on liikumine - liikumine on elu | V\u00f5imlemispidu.ee\" \/>\n<meta property=\"og:description\" content=\"Eesti Spordiselts KALEV on massv\u00f5imlemise h\u00e4ll Spordiselts KALEV korraldab iga viie aasta tagant harrastusv\u00f5imlemise suurima s\u00fcndmuse \u2013 Eestimaa v\u00f5imlemispeo, mis on omasuguste seas Baltimaade suurim. Peole eelneb mitmeaastane ettevalmistuprogramm. V\u00f5imlemispidu pakub suurep\u00e4raseid elamusi v\u00f5imlejale, publikule ja televaatajale. Pidu \u00fchendab harrastusv\u00f5imlemise kaudu algajad ja edasij\u00f5udnud, noored ja vanad, mehed ja naised. Pidu korraldatakse rahvusvahelise &#8220;Gymnastics for [&hellip;]\" \/>\n<meta property=\"og:url\" content=\"https:\/\/voimlemispidu.ee\/en\/voimlemine\/\" \/>\n<meta property=\"og:site_name\" content=\"V\u00f5imlemispidu\" \/>\n<meta property=\"article:publisher\" content=\"https:\/\/www.facebook.com\/5voimlemispidu\" \/>\n<meta property=\"article:modified_time\" content=\"2022-01-24T14:08:08+00:00\" \/>\n<meta property=\"og:image\" content=\"https:\/\/voimlemispidu.ee\/wp-content\/uploads\/2021\/03\/Kalev-Central-Stadium-scaled.jpg\" \/>\n\t<meta property=\"og:image:width\" content=\"2560\" \/>\n\t<meta property=\"og:image:height\" content=\"1445\" \/>\n\t<meta property=\"og:image:type\" content=\"image\/jpeg\" \/>\n<meta name=\"twitter:card\" content=\"summary_large_image\" \/>\n<meta name=\"twitter:label1\" content=\"Estimated reading time\" \/>\n\t<meta name=\"twitter:data1\" content=\"3 minutes\" \/>\n<script type=\"application\/ld+json\" class=\"yoast-schema-graph\">{\"@context\":\"https:\\\/\\\/schema.org\",\"@graph\":[{\"@type\":\"WebPage\",\"@id\":\"https:\\\/\\\/voimlemispidu.ee\\\/voimlemine\\\/\",\"url\":\"https:\\\/\\\/voimlemispidu.ee\\\/voimlemine\\\/\",\"name\":\"V\u00f5imlemine on liikumine - liikumine on elu | V\u00f5imlemispidu.ee\",\"isPartOf\":{\"@id\":\"https:\\\/\\\/voimlemispidu.ee\\\/#website\"},\"primaryImageOfPage\":{\"@id\":\"https:\\\/\\\/voimlemispidu.ee\\\/voimlemine\\\/#primaryimage\"},\"image\":{\"@id\":\"https:\\\/\\\/voimlemispidu.ee\\\/voimlemine\\\/#primaryimage\"},\"thumbnailUrl\":\"https:\\\/\\\/voimlemispidu.ee\\\/wp-content\\\/uploads\\\/2021\\\/03\\\/Kalev-Central-Stadium-scaled.jpg\",\"datePublished\":\"2020-06-11T16:31:11+00:00\",\"dateModified\":\"2022-01-24T14:08:08+00:00\",\"breadcrumb\":{\"@id\":\"https:\\\/\\\/voimlemispidu.ee\\\/voimlemine\\\/#breadcrumb\"},\"inLanguage\":\"en-GB\",\"potentialAction\":[{\"@type\":\"ReadAction\",\"target\":[\"https:\\\/\\\/voimlemispidu.ee\\\/voimlemine\\\/\"]}]},{\"@type\":\"ImageObject\",\"inLanguage\":\"en-GB\",\"@id\":\"https:\\\/\\\/voimlemispidu.ee\\\/voimlemine\\\/#primaryimage\",\"url\":\"https:\\\/\\\/voimlemispidu.ee\\\/wp-content\\\/uploads\\\/2021\\\/03\\\/Kalev-Central-Stadium-scaled.jpg\",\"contentUrl\":\"https:\\\/\\\/voimlemispidu.ee\\\/wp-content\\\/uploads\\\/2021\\\/03\\\/Kalev-Central-Stadium-scaled.jpg\",\"width\":2560,\"height\":1445},{\"@type\":\"BreadcrumbList\",\"@id\":\"https:\\\/\\\/voimlemispidu.ee\\\/voimlemine\\\/#breadcrumb\",\"itemListElement\":[{\"@type\":\"ListItem\",\"position\":1,\"name\":\"Home\",\"item\":\"https:\\\/\\\/voimlemispidu.ee\\\/\"},{\"@type\":\"ListItem\",\"position\":2,\"name\":\"V\u00f5imlemine on liikumine &#8211; liikumine on elu\"}]},{\"@type\":\"WebSite\",\"@id\":\"https:\\\/\\\/voimlemispidu.ee\\\/#website\",\"url\":\"https:\\\/\\\/voimlemispidu.ee\\\/\",\"name\":\"V\u00f5imlemispidu.ee\",\"description\":\"V\u00f5imlemispidude ametlik portaal\",\"publisher\":{\"@id\":\"https:\\\/\\\/voimlemispidu.ee\\\/#organization\"},\"potentialAction\":[{\"@type\":\"SearchAction\",\"target\":{\"@type\":\"EntryPoint\",\"urlTemplate\":\"https:\\\/\\\/voimlemispidu.ee\\\/?s={search_term_string}\"},\"query-input\":{\"@type\":\"PropertyValueSpecification\",\"valueRequired\":true,\"valueName\":\"search_term_string\"}}],\"inLanguage\":\"en-GB\"},{\"@type\":\"Organization\",\"@id\":\"https:\\\/\\\/voimlemispidu.ee\\\/#organization\",\"name\":\"V\u00f5imlemispidu.ee\",\"url\":\"https:\\\/\\\/voimlemispidu.ee\\\/\",\"logo\":{\"@type\":\"ImageObject\",\"inLanguage\":\"en-GB\",\"@id\":\"https:\\\/\\\/voimlemispidu.ee\\\/#\\\/schema\\\/logo\\\/image\\\/\",\"url\":\"https:\\\/\\\/voimlemispidu.ee\\\/wp-content\\\/uploads\\\/2020\\\/07\\\/voimlemispidu_logo3_eng.png\",\"contentUrl\":\"https:\\\/\\\/voimlemispidu.ee\\\/wp-content\\\/uploads\\\/2020\\\/07\\\/voimlemispidu_logo3_eng.png\",\"width\":1008,\"height\":245,\"caption\":\"V\u00f5imlemispidu.ee\"},\"image\":{\"@id\":\"https:\\\/\\\/voimlemispidu.ee\\\/#\\\/schema\\\/logo\\\/image\\\/\"},\"sameAs\":[\"https:\\\/\\\/www.facebook.com\\\/5voimlemispidu\"]}]}<\/script>\n<!-- \/ Yoast SEO plugin. -->","yoast_head_json":{"title":"V\u00f5imlemine on liikumine - liikumine on elu | V\u00f5imlemispidu.ee","robots":{"index":"index","follow":"follow","max-snippet":"max-snippet:-1","max-image-preview":"max-image-preview:large","max-video-preview":"max-video-preview:-1"},"canonical":"https:\/\/voimlemispidu.ee\/en\/voimlemine\/","og_locale":"en_GB","og_type":"article","og_title":"V\u00f5imlemine on liikumine - liikumine on elu | V\u00f5imlemispidu.ee","og_description":"Eesti Spordiselts KALEV on massv\u00f5imlemise h\u00e4ll Spordiselts KALEV korraldab iga viie aasta tagant harrastusv\u00f5imlemise suurima s\u00fcndmuse \u2013 Eestimaa v\u00f5imlemispeo, mis on omasuguste seas Baltimaade suurim. Peole eelneb mitmeaastane ettevalmistuprogramm. V\u00f5imlemispidu pakub suurep\u00e4raseid elamusi v\u00f5imlejale, publikule ja televaatajale. Pidu \u00fchendab harrastusv\u00f5imlemise kaudu algajad ja edasij\u00f5udnud, noored ja vanad, mehed ja naised. Pidu korraldatakse rahvusvahelise &#8220;Gymnastics for [&hellip;]","og_url":"https:\/\/voimlemispidu.ee\/en\/voimlemine\/","og_site_name":"V\u00f5imlemispidu","article_publisher":"https:\/\/www.facebook.com\/5voimlemispidu","article_modified_time":"2022-01-24T14:08:08+00:00","og_image":[{"width":2560,"height":1445,"url":"https:\/\/voimlemispidu.ee\/wp-content\/uploads\/2021\/03\/Kalev-Central-Stadium-scaled.jpg","type":"image\/jpeg"}],"twitter_card":"summary_large_image","twitter_misc":{"Estimated reading time":"3 minutes"},"schema":{"@context":"https:\/\/schema.org","@graph":[{"@type":"WebPage","@id":"https:\/\/voimlemispidu.ee\/voimlemine\/","url":"https:\/\/voimlemispidu.ee\/voimlemine\/","name":"V\u00f5imlemine on liikumine - liikumine on elu | V\u00f5imlemispidu.ee","isPartOf":{"@id":"https:\/\/voimlemispidu.ee\/#website"},"primaryImageOfPage":{"@id":"https:\/\/voimlemispidu.ee\/voimlemine\/#primaryimage"},"image":{"@id":"https:\/\/voimlemispidu.ee\/voimlemine\/#primaryimage"},"thumbnailUrl":"https:\/\/voimlemispidu.ee\/wp-content\/uploads\/2021\/03\/Kalev-Central-Stadium-scaled.jpg","datePublished":"2020-06-11T16:31:11+00:00","dateModified":"2022-01-24T14:08:08+00:00","breadcrumb":{"@id":"https:\/\/voimlemispidu.ee\/voimlemine\/#breadcrumb"},"inLanguage":"en-GB","potentialAction":[{"@type":"ReadAction","target":["https:\/\/voimlemispidu.ee\/voimlemine\/"]}]},{"@type":"ImageObject","inLanguage":"en-GB","@id":"https:\/\/voimlemispidu.ee\/voimlemine\/#primaryimage","url":"https:\/\/voimlemispidu.ee\/wp-content\/uploads\/2021\/03\/Kalev-Central-Stadium-scaled.jpg","contentUrl":"https:\/\/voimlemispidu.ee\/wp-content\/uploads\/2021\/03\/Kalev-Central-Stadium-scaled.jpg","width":2560,"height":1445},{"@type":"BreadcrumbList","@id":"https:\/\/voimlemispidu.ee\/voimlemine\/#breadcrumb","itemListElement":[{"@type":"ListItem","position":1,"name":"Home","item":"https:\/\/voimlemispidu.ee\/"},{"@type":"ListItem","position":2,"name":"V\u00f5imlemine on liikumine &#8211; liikumine on elu"}]},{"@type":"WebSite","@id":"https:\/\/voimlemispidu.ee\/#website","url":"https:\/\/voimlemispidu.ee\/","name":"V\u00f5imlemispidu.ee","description":"V\u00f5imlemispidude ametlik portaal","publisher":{"@id":"https:\/\/voimlemispidu.ee\/#organization"},"potentialAction":[{"@type":"SearchAction","target":{"@type":"EntryPoint","urlTemplate":"https:\/\/voimlemispidu.ee\/?s={search_term_string}"},"query-input":{"@type":"PropertyValueSpecification","valueRequired":true,"valueName":"search_term_string"}}],"inLanguage":"en-GB"},{"@type":"Organization","@id":"https:\/\/voimlemispidu.ee\/#organization","name":"V\u00f5imlemispidu.ee","url":"https:\/\/voimlemispidu.ee\/","logo":{"@type":"ImageObject","inLanguage":"en-GB","@id":"https:\/\/voimlemispidu.ee\/#\/schema\/logo\/image\/","url":"https:\/\/voimlemispidu.ee\/wp-content\/uploads\/2020\/07\/voimlemispidu_logo3_eng.png","contentUrl":"https:\/\/voimlemispidu.ee\/wp-content\/uploads\/2020\/07\/voimlemispidu_logo3_eng.png","width":1008,"height":245,"caption":"V\u00f5imlemispidu.ee"},"image":{"@id":"https:\/\/voimlemispidu.ee\/#\/schema\/logo\/image\/"},"sameAs":["https:\/\/www.facebook.com\/5voimlemispidu"]}]}},"_links":{"self":[{"href":"https:\/\/voimlemispidu.ee\/en\/wp-json\/wp\/v2\/pages\/308","targetHints":{"allow":["GET"]}}],"collection":[{"href":"https:\/\/voimlemispidu.ee\/en\/wp-json\/wp\/v2\/pages"}],"about":[{"href":"https:\/\/voimlemispidu.ee\/en\/wp-json\/wp\/v2\/types\/page"}],"author":[{"embeddable":true,"href":"https:\/\/voimlemispidu.ee\/en\/wp-json\/wp\/v2\/users\/25"}],"replies":[{"embeddable":true,"href":"https:\/\/voimlemispidu.ee\/en\/wp-json\/wp\/v2\/comments?post=308"}],"version-history":[{"count":0,"href":"https:\/\/voimlemispidu.ee\/en\/wp-json\/wp\/v2\/pages\/308\/revisions"}],"wp:featuredmedia":[{"embeddable":true,"href":"https:\/\/voimlemispidu.ee\/en\/wp-json\/wp\/v2\/media\/5261"}],"wp:attachment":[{"href":"https:\/\/voimlemispidu.ee\/en\/wp-json\/wp\/v2\/media?parent=308"}],"curies":[{"name":"wp","href":"https:\/\/api.w.org\/{rel}","templated":true}]}}