{"id":482,"date":"2020-06-13T19:31:34","date_gmt":"2020-06-13T19:31:34","guid":{"rendered":"https:\/\/voimlemispidu.ee\/?page_id=482"},"modified":"2020-06-26T12:42:23","modified_gmt":"2020-06-26T12:42:23","slug":"ajalugu","status":"publish","type":"page","link":"https:\/\/voimlemispidu.ee\/en\/ajalugu\/","title":{"rendered":"Ajalugu"},"content":{"rendered":"<p>Eesti Spordiselts Kalev on \u00fcks suurim harrastusv\u00f5imlemisega tegelev spordiorganisatsioon vabariigis. Harrastusv\u00f5imlemine on v\u00e4ga oluline liikumisharrastuse valdkond, mille populaarsus vabariigis on iga aastaga kasvanud. Harrastusv\u00f5imlemine sobib igas eas ja soost inimestele. V\u00f5imlemise juures on positiivne, et see on j\u00f5ukohane k\u00f5igile olenemata varasematest kogemustest.<\/p>\n\n\n\n<p>Me v\u00e4\u00e4rtustame inimeste tervist, hindame k\u00f5rgelt aktiivseid eluviise ja toetame nende ettev\u00f5tmisi, mis omakorda aitab kaasa \u00fchiskonna terviseteadlikkuse t\u00f5stmisele ning on oluline inimeste heaolu edendamisel l\u00e4bi liikumisharrastuse v\u00f5tme.<\/p>\n\n\n\n<p>Meie sihtr\u00fchmad on beebid ja v\u00e4ikelapsed, lasteaialapsed, koolilapsed, tudengid, puuetega inimesed, t\u00f6\u00f6l k\u00e4ivad inimesed, eakad ja pered.<\/p>\n\n\n\n<h2 class=\"wp-block-heading\">Rahvakultuur: Kaks \u00fches Sport Kultuuris ja Kultuur Spordis<\/h2>\n\n\n\n<p>Kalev on j\u00e4\u00e4dvustanud kultuuri ajalukku paljud oma s\u00fcndmused. \u00dched suuremad nendest on l\u00e4bi erinevate aastak\u00fcmnete korraldatud massv\u00f5imlemispeod koos sadade v\u00f5imlemiskavadega. See loodud ja talletatud looming on ajalooline kultuurip\u00e4rand, mis on vaja s\u00e4ilitada tulevastele p\u00f5lvedele. S\u00fcndmused on vabariigis unikaalsed ja ainulaadsed, seda juba oma osalejate arvu poolest (erinevaid vanuseastmeid palju, tegevusse on kaasatud alates beebidest kuni eakateni v\u00e4lja). V\u00f5imlemispidude ajalooga seotud m\u00e4lestused on v\u00e4\u00e4rtus, sest see kandub inimeselt inimesele ja p\u00f5lvkonnalt p\u00f5lvkonnale.<\/p>\n\n\n\n<p>V\u00f5imlemine tuli Eestisse 1819. aastal ja v\u00f5eti lektor Karl Eduard Raupach eestvedamisel Tartu \u00dclikooli \u00f5ppekavasse. 1863. aastal peeti esimene \u201cturnipidu\u201d Tartu \u00dclikooli Toomem\u00e4e v\u00f5imlemisv\u00e4ljakul. J\u00fcri Soo oli Eesti esimeste v\u00f5imlemispidude korraldaja. Esimene pidu, mis peeti 15.juunil 1876 Laiusel, loetakse Eesti rahvusliku v\u00f5imlemise s\u00fcnnip\u00e4evaks. 1922 asutati Eesti v\u00f5imlemise \u00f5petajate selts. 1922 l\u00e4hetati Ernst Idla Eesti Spordiseltsi Kalev stipendiaadina Berliini Kehalise Kasvatuse \u00dclikooli. 1930 moodustati Ernst Idla eestvedamisel v\u00f5imlemise r\u00fchmad, mida kutsuti v\u00f5imlemise kursusteks. 1932. aastal esitles Ernst Idla ametlikult Estonias oma t\u00e4naseks juba maailmakuulsat v\u00f5imlemise s\u00fcsteemi. 1934.aastal toimusid I Eesti M\u00e4ngud, mille raames toimus Ernst Idla poolt juhitud massv\u00f5imlemine. 1936.aastal kinnitati kalevlane Ernst Idla \u00fcleriigilise v\u00f5imlemisjuhi kohale. 1939. aastal toimusid II Eesti M\u00e4ngud. 30ndatel l\u00e4biviidud massv\u00f5imlemise pidudest kasvas v\u00e4lja Eesti tantsupidude traditsioon. Eestimaa v\u00f5imlemispidude traditsiooni taaselustas peale pikka pausi 1996. aastal Eesti Spordiselts Kalev. Iga viie aasta j\u00e4rel toimuv Eestimaa v\u00f5imlemispidu on \u00fcks suuremaid massi\u00fcritusi Eestis ning suurim omataoline Baltikumis.<\/p>\n\n\n\n<p>Eesti Spordiselts Kalev korraldab igal aastal 6&nbsp; rohkearvulise osav\u00f5tuga harrastajatele suunatud v\u00f5imlemiss\u00fcndmust:<\/p>\n\n\n\n<ul class=\"wp-block-list\"><li>Meeste Turnipidu<\/li><li>Kalevi lahtised meistriv\u00f5istlused r\u00fchmv\u00f5imlemises<\/li><li>V\u00f5imlemisfestival \u201eKauni r\u00fchiga ellu\u201c<\/li><li>Tallinna v\u00f5imlemispidu<\/li><li>harrastusv\u00f5imlemise juhendajate ja treenerite koolitused<\/li><li>v\u00f5imlemise reklaams\u00fcndmus erinevas maakonnas<\/li><\/ul>\n\n\n\n<p><strong>Ajaloost kokkuv\u00f5tvalt<\/strong><\/p>\n\n\n\n<ol class=\"wp-block-list\"><li>V\u00f5imlemine tuli Eestisse 1819 ja v\u00f5eti lektor Karl Eduard Raupach eestvedamisel Tartu \u00dclikooli \u00f5ppekavasse;<\/li><li>1863. aastal peeti ka esimene&nbsp; \u201cturnipidu\u201d Tartu \u00dclikooli Toomem\u00e4e&nbsp; v\u00f5imlemisv\u00e4ljakul;<\/li><li>Esimesed andmed organiseeritud v\u00f5imlemistegevusest Eestimaal p\u00e4rinevad aga 19.saj. esimeselt poolelt Tartust;<\/li><li>1922 asutati Eesti v\u00f5imlemise \u00f5petajate selts;<\/li><li>1922 l\u00e4hetati Ernst Idla ESS Kalev stipendiaadina Berliini Kehalise Kasvatuse \u00dclikooli;<\/li><li>1930 moodustati Ernst Idla eestvedamisel v\u00f5imlemise r\u00fchmad. Mida kutsuti v\u00f5imlemise kursusteks;<\/li><li>1932 aastat esitles Ernst Idla ametlikult Estonias oma t\u00e4naseks juba maailmakuulsat v\u00f5imlemise s\u00fcsteemi;<\/li><li>1934 toimusid I Eesti M\u00e4ngud, mille raames toimus Ernst Idla poolt juhitud massv\u00f5imlemine;<\/li><li>1936 kinnitati kalevlane Ernst Idla \u00fcleriigilise v\u00f5imlemisjuhi kohale;<\/li><li>1939 toimusid II Eesti M\u00e4ngud.<\/li><\/ol>\n\n\n\n<h2 class=\"wp-block-heading\">Spordiselts KALEVi \u00fcleriiklik massv\u00f5imlemise ajalugu<\/h2>\n\n\n\n<ul class=\"wp-block-list\"><li>16.\u201317.06. 1934 I Eesti m\u00e4ngud 1500<\/li><li>18.06. 1939 II Eesti m\u00e4ngud 1800<\/li><\/ul>\n\n\n\n<p><strong>1996 I EESTIMAA V\u00d5IMLEMISPIDU ja GYMNACOPIA<\/strong><\/p>\n\n\n\n<ul class=\"wp-block-list\"><li>26.06 \u2013 01.07.1996<\/li><li>Pealavastaja: Veljo Rammo<\/li><li>Osalejad: 3000 v\u00f5imlejat<\/li><li>120 kooli, lasteaeda, klubi ja Kaitseliidu malevat<\/li><li>70 lavastuse korraldajat<\/li><li>240 juhendajat, abilist<\/li><li>Pealtvaatajaid: 5000<\/li><\/ul>\n\n\n\n<p><strong>2001 II EESTIMAA V\u00d5IMLEMISPIDU<\/strong><\/p>\n\n\n\n<ul class=\"wp-block-list\"><li>26.06 \u2013 01.07.2001<\/li><li>Pealavastaja: Riina Voolpriit<\/li><li>Muusika: ansambel<\/li><li>Osalejad: 3800 v\u00f5imlejat<\/li><li>210 kooli, lasteaeda, klubi ja Kaitseliidu malevat<\/li><li>sh 12 v\u00e4lisklubi (Taani, Soome,Norra), 150 v\u00f5imlejat<\/li><li>104 lavastuse korraldajat<\/li><li>410 juhendajat, abilist<\/li><li>Pealtvaatajaid: 8000<\/li><\/ul>\n\n\n\n<p><strong>2006 III EESTIMAA V\u00d5IMLEMISPIDU P\u00c4EVA R\u00dcTMID<\/strong><\/p>\n\n\n\n<ul class=\"wp-block-list\"><li>26.06 \u2013 01.07.2006<\/li><li>Pealavastaja: Riina Voolpriit<\/li><li>Muusika: ansambel<\/li><li>Osalejad: 4500 v\u00f5imlejat<\/li><li>210 kooli, lasteaeda, klubi ja Kaitseliidu malevat<\/li><li>sh 12 v\u00e4lisklubi (Taani, Soome,Norra), 150 v\u00f5imlejat<\/li><li>104 lavastuse korraldajat<\/li><li>410 juhendajat, abilist<\/li><li>Pealtvaatajaid: 7000<\/li><\/ul>\n\n\n\n<p><strong>2010 IV EESTIMAA V\u00d5IMLEMISPIDU PIDU L\u00c4HEB K\u00c4IMA<\/strong><\/p>\n\n\n\n<ul class=\"wp-block-list\"><li>29.06 \u2013 03.07.2010<\/li><li>Pealavastaja: M\u00e4rt Agu<\/li><li>Muusika: ansambel <a href=\"http:\/\/www.thesun.ee\/\" target=\"_blank\" rel=\"noreferrer noopener\">Tanel Padar &amp; The Sun<\/a><\/li><li>Osalejad: 5600 v\u00f5imlejat<\/li><li>248 kooli, lasteaeda, klubi ja Kaitseliidu malevat<\/li><li>sh 14 v\u00e4lisklubi (Taani, Soome), 262 v\u00f5imlejat<\/li><li>107 lavastuse korraldajat<\/li><li>438 juhendajat, abilist<\/li><li>Pealtvaatajaid: 11200<\/li><\/ul>\n\n\n\n<p><strong>2016 V EESTIMAA V\u00d5IMLEMISPIDU HINGELIND<\/strong><\/p>\n\n\n\n<ul class=\"wp-block-list\"><li>27.06 \u2013 03.07.2016<\/li><li>Pealavastaja: Kersti Kull<\/li><li>Muusika: ansambel Vallatud vestid ja s\u00f5brad<\/li><li>Osalejad: 4426 v\u00f5imlejat<\/li><li>225 kooli, lasteaeda, klubi ja Kaitseliidu malevat<\/li><li>104 lavastuse korraldajat<\/li><li>300 juhendajat, abilist<\/li><li>Pealtvaatajaid: 9000 ja televisooni vahendusel 100 000<\/li><\/ul>","protected":false},"excerpt":{"rendered":"<p>Eesti Spordiselts Kalev on \u00fcks suurim harrastusv\u00f5imlemisega tegelev spordiorganisatsioon vabariigis. Harrastusv\u00f5imlemine on v\u00e4ga oluline liikumisharrastuse valdkond, mille populaarsus vabariigis on iga aastaga kasvanud. Harrastusv\u00f5imlemine sobib igas eas ja soost inimestele. V\u00f5imlemise juures on positiivne, et see on j\u00f5ukohane k\u00f5igile olenemata varasematest kogemustest. Me v\u00e4\u00e4rtustame inimeste tervist, hindame k\u00f5rgelt aktiivseid eluviise ja toetame nende ettev\u00f5tmisi, mis [&hellip;]<\/p>\n","protected":false},"author":2,"featured_media":0,"parent":0,"menu_order":0,"comment_status":"closed","ping_status":"closed","template":"","meta":{"footnotes":""},"class_list":["post-482","page","type-page","status-publish","hentry"],"yoast_head":"<!-- This site is optimized with the Yoast SEO plugin v27.3 - https:\/\/yoast.com\/product\/yoast-seo-wordpress\/ -->\n<title>Ajalugu | V\u00f5imlemispidu.ee<\/title>\n<meta name=\"robots\" content=\"index, follow, max-snippet:-1, max-image-preview:large, max-video-preview:-1\" \/>\n<link rel=\"canonical\" href=\"https:\/\/voimlemispidu.ee\/en\/ajalugu\/\" \/>\n<meta property=\"og:locale\" content=\"en_GB\" \/>\n<meta property=\"og:type\" content=\"article\" \/>\n<meta property=\"og:title\" content=\"Ajalugu | V\u00f5imlemispidu.ee\" \/>\n<meta property=\"og:description\" content=\"Eesti Spordiselts Kalev on \u00fcks suurim harrastusv\u00f5imlemisega tegelev spordiorganisatsioon vabariigis. Harrastusv\u00f5imlemine on v\u00e4ga oluline liikumisharrastuse valdkond, mille populaarsus vabariigis on iga aastaga kasvanud. Harrastusv\u00f5imlemine sobib igas eas ja soost inimestele. V\u00f5imlemise juures on positiivne, et see on j\u00f5ukohane k\u00f5igile olenemata varasematest kogemustest. Me v\u00e4\u00e4rtustame inimeste tervist, hindame k\u00f5rgelt aktiivseid eluviise ja toetame nende ettev\u00f5tmisi, mis [&hellip;]\" \/>\n<meta property=\"og:url\" content=\"https:\/\/voimlemispidu.ee\/en\/ajalugu\/\" \/>\n<meta property=\"og:site_name\" content=\"V\u00f5imlemispidu\" \/>\n<meta property=\"article:publisher\" content=\"https:\/\/www.facebook.com\/5voimlemispidu\" \/>\n<meta property=\"article:modified_time\" content=\"2020-06-26T12:42:23+00:00\" \/>\n<meta name=\"twitter:card\" content=\"summary_large_image\" \/>\n<meta name=\"twitter:label1\" content=\"Estimated reading time\" \/>\n\t<meta name=\"twitter:data1\" content=\"3 minutes\" \/>\n<script type=\"application\/ld+json\" class=\"yoast-schema-graph\">{\"@context\":\"https:\\\/\\\/schema.org\",\"@graph\":[{\"@type\":\"WebPage\",\"@id\":\"https:\\\/\\\/voimlemispidu.ee\\\/ajalugu\\\/\",\"url\":\"https:\\\/\\\/voimlemispidu.ee\\\/ajalugu\\\/\",\"name\":\"Ajalugu | V\u00f5imlemispidu.ee\",\"isPartOf\":{\"@id\":\"https:\\\/\\\/voimlemispidu.ee\\\/#website\"},\"datePublished\":\"2020-06-13T19:31:34+00:00\",\"dateModified\":\"2020-06-26T12:42:23+00:00\",\"breadcrumb\":{\"@id\":\"https:\\\/\\\/voimlemispidu.ee\\\/ajalugu\\\/#breadcrumb\"},\"inLanguage\":\"en-GB\",\"potentialAction\":[{\"@type\":\"ReadAction\",\"target\":[\"https:\\\/\\\/voimlemispidu.ee\\\/ajalugu\\\/\"]}]},{\"@type\":\"BreadcrumbList\",\"@id\":\"https:\\\/\\\/voimlemispidu.ee\\\/ajalugu\\\/#breadcrumb\",\"itemListElement\":[{\"@type\":\"ListItem\",\"position\":1,\"name\":\"Home\",\"item\":\"https:\\\/\\\/voimlemispidu.ee\\\/\"},{\"@type\":\"ListItem\",\"position\":2,\"name\":\"Ajalugu\"}]},{\"@type\":\"WebSite\",\"@id\":\"https:\\\/\\\/voimlemispidu.ee\\\/#website\",\"url\":\"https:\\\/\\\/voimlemispidu.ee\\\/\",\"name\":\"V\u00f5imlemispidu.ee\",\"description\":\"V\u00f5imlemispidude ametlik portaal\",\"publisher\":{\"@id\":\"https:\\\/\\\/voimlemispidu.ee\\\/#organization\"},\"potentialAction\":[{\"@type\":\"SearchAction\",\"target\":{\"@type\":\"EntryPoint\",\"urlTemplate\":\"https:\\\/\\\/voimlemispidu.ee\\\/?s={search_term_string}\"},\"query-input\":{\"@type\":\"PropertyValueSpecification\",\"valueRequired\":true,\"valueName\":\"search_term_string\"}}],\"inLanguage\":\"en-GB\"},{\"@type\":\"Organization\",\"@id\":\"https:\\\/\\\/voimlemispidu.ee\\\/#organization\",\"name\":\"V\u00f5imlemispidu.ee\",\"url\":\"https:\\\/\\\/voimlemispidu.ee\\\/\",\"logo\":{\"@type\":\"ImageObject\",\"inLanguage\":\"en-GB\",\"@id\":\"https:\\\/\\\/voimlemispidu.ee\\\/#\\\/schema\\\/logo\\\/image\\\/\",\"url\":\"https:\\\/\\\/voimlemispidu.ee\\\/wp-content\\\/uploads\\\/2020\\\/07\\\/voimlemispidu_logo3_eng.png\",\"contentUrl\":\"https:\\\/\\\/voimlemispidu.ee\\\/wp-content\\\/uploads\\\/2020\\\/07\\\/voimlemispidu_logo3_eng.png\",\"width\":1008,\"height\":245,\"caption\":\"V\u00f5imlemispidu.ee\"},\"image\":{\"@id\":\"https:\\\/\\\/voimlemispidu.ee\\\/#\\\/schema\\\/logo\\\/image\\\/\"},\"sameAs\":[\"https:\\\/\\\/www.facebook.com\\\/5voimlemispidu\"]}]}<\/script>\n<!-- \/ Yoast SEO plugin. -->","yoast_head_json":{"title":"Ajalugu | V\u00f5imlemispidu.ee","robots":{"index":"index","follow":"follow","max-snippet":"max-snippet:-1","max-image-preview":"max-image-preview:large","max-video-preview":"max-video-preview:-1"},"canonical":"https:\/\/voimlemispidu.ee\/en\/ajalugu\/","og_locale":"en_GB","og_type":"article","og_title":"Ajalugu | V\u00f5imlemispidu.ee","og_description":"Eesti Spordiselts Kalev on \u00fcks suurim harrastusv\u00f5imlemisega tegelev spordiorganisatsioon vabariigis. Harrastusv\u00f5imlemine on v\u00e4ga oluline liikumisharrastuse valdkond, mille populaarsus vabariigis on iga aastaga kasvanud. Harrastusv\u00f5imlemine sobib igas eas ja soost inimestele. V\u00f5imlemise juures on positiivne, et see on j\u00f5ukohane k\u00f5igile olenemata varasematest kogemustest. Me v\u00e4\u00e4rtustame inimeste tervist, hindame k\u00f5rgelt aktiivseid eluviise ja toetame nende ettev\u00f5tmisi, mis [&hellip;]","og_url":"https:\/\/voimlemispidu.ee\/en\/ajalugu\/","og_site_name":"V\u00f5imlemispidu","article_publisher":"https:\/\/www.facebook.com\/5voimlemispidu","article_modified_time":"2020-06-26T12:42:23+00:00","twitter_card":"summary_large_image","twitter_misc":{"Estimated reading time":"3 minutes"},"schema":{"@context":"https:\/\/schema.org","@graph":[{"@type":"WebPage","@id":"https:\/\/voimlemispidu.ee\/ajalugu\/","url":"https:\/\/voimlemispidu.ee\/ajalugu\/","name":"Ajalugu | V\u00f5imlemispidu.ee","isPartOf":{"@id":"https:\/\/voimlemispidu.ee\/#website"},"datePublished":"2020-06-13T19:31:34+00:00","dateModified":"2020-06-26T12:42:23+00:00","breadcrumb":{"@id":"https:\/\/voimlemispidu.ee\/ajalugu\/#breadcrumb"},"inLanguage":"en-GB","potentialAction":[{"@type":"ReadAction","target":["https:\/\/voimlemispidu.ee\/ajalugu\/"]}]},{"@type":"BreadcrumbList","@id":"https:\/\/voimlemispidu.ee\/ajalugu\/#breadcrumb","itemListElement":[{"@type":"ListItem","position":1,"name":"Home","item":"https:\/\/voimlemispidu.ee\/"},{"@type":"ListItem","position":2,"name":"Ajalugu"}]},{"@type":"WebSite","@id":"https:\/\/voimlemispidu.ee\/#website","url":"https:\/\/voimlemispidu.ee\/","name":"V\u00f5imlemispidu.ee","description":"V\u00f5imlemispidude ametlik portaal","publisher":{"@id":"https:\/\/voimlemispidu.ee\/#organization"},"potentialAction":[{"@type":"SearchAction","target":{"@type":"EntryPoint","urlTemplate":"https:\/\/voimlemispidu.ee\/?s={search_term_string}"},"query-input":{"@type":"PropertyValueSpecification","valueRequired":true,"valueName":"search_term_string"}}],"inLanguage":"en-GB"},{"@type":"Organization","@id":"https:\/\/voimlemispidu.ee\/#organization","name":"V\u00f5imlemispidu.ee","url":"https:\/\/voimlemispidu.ee\/","logo":{"@type":"ImageObject","inLanguage":"en-GB","@id":"https:\/\/voimlemispidu.ee\/#\/schema\/logo\/image\/","url":"https:\/\/voimlemispidu.ee\/wp-content\/uploads\/2020\/07\/voimlemispidu_logo3_eng.png","contentUrl":"https:\/\/voimlemispidu.ee\/wp-content\/uploads\/2020\/07\/voimlemispidu_logo3_eng.png","width":1008,"height":245,"caption":"V\u00f5imlemispidu.ee"},"image":{"@id":"https:\/\/voimlemispidu.ee\/#\/schema\/logo\/image\/"},"sameAs":["https:\/\/www.facebook.com\/5voimlemispidu"]}]}},"_links":{"self":[{"href":"https:\/\/voimlemispidu.ee\/en\/wp-json\/wp\/v2\/pages\/482","targetHints":{"allow":["GET"]}}],"collection":[{"href":"https:\/\/voimlemispidu.ee\/en\/wp-json\/wp\/v2\/pages"}],"about":[{"href":"https:\/\/voimlemispidu.ee\/en\/wp-json\/wp\/v2\/types\/page"}],"author":[{"embeddable":true,"href":"https:\/\/voimlemispidu.ee\/en\/wp-json\/wp\/v2\/users\/2"}],"replies":[{"embeddable":true,"href":"https:\/\/voimlemispidu.ee\/en\/wp-json\/wp\/v2\/comments?post=482"}],"version-history":[{"count":0,"href":"https:\/\/voimlemispidu.ee\/en\/wp-json\/wp\/v2\/pages\/482\/revisions"}],"wp:attachment":[{"href":"https:\/\/voimlemispidu.ee\/en\/wp-json\/wp\/v2\/media?parent=482"}],"curies":[{"name":"wp","href":"https:\/\/api.w.org\/{rel}","templated":true}]}}