{"id":18106,"date":"2025-10-22T13:09:01","date_gmt":"2025-10-22T10:09:01","guid":{"rendered":"https:\/\/voimlemispidu.ee\/?post_type=product&#038;p=18106"},"modified":"2025-10-22T13:44:50","modified_gmt":"2025-10-22T10:44:50","slug":"maaelu-volu-oppematerjalide-taiendav-soetamine","status":"publish","type":"product","link":"https:\/\/voimlemispidu.ee\/en\/product\/maaelu-volu-oppematerjalide-taiendav-soetamine\/","title":{"rendered":"T\u00e4iendav v\u00f5imalus v\u00f5imlemispeo &#8220;Maaelu v\u00f5lu&#8221; \u00f5ppematerjalide soetamiseks"},"content":{"rendered":"<p>Juhendajad, kes ei osalenud Eestimaa v\u00f5imlemispeo \u00f5ppep\u00e4evadel, saavad kuni 30. novembrini 2025 osta kavade \u00f5ppematerjalid ja saada juhendaja taskus juurdep\u00e4\u00e4s\u00a0 <strong>k\u00f5igile kavadele<\/strong>, et liituda peoprotsessiga.<\/p>\n<p>Juurdep\u00e4\u00e4s e-\u00f5ppematerjalile antakse p\u00e4rast arve tasumist.<\/p>","protected":false},"excerpt":{"rendered":"<p>Juhendajad, kes ei osalenud Eestimaa v\u00f5imlemispeo \u00f5ppep\u00e4evadel, saavad kuni 30. novembrini 2025 osta kavade \u00f5ppematerjalid ja saada juhendaja taskus juurdep\u00e4\u00e4s\u00a0 k\u00f5igile kavadele, et liituda peoprotsessiga. Juurdep\u00e4\u00e4s e-\u00f5ppematerjalile antakse p\u00e4rast arve tasumist.<\/p>","protected":false},"featured_media":17411,"template":"","meta":[],"product_brand":[],"product_cat":[280],"product_tag":[],"class_list":{"0":"post-18106","1":"product","2":"type-product","3":"status-publish","4":"has-post-thumbnail","6":"product_cat-vahendid","8":"first","9":"instock","10":"virtual","11":"purchasable","12":"product-type-simple"},"yoast_head":"<!-- This site is optimized with the Yoast SEO plugin v27.3 - https:\/\/yoast.com\/product\/yoast-seo-wordpress\/ -->\n<title>T\u00e4iendav v\u00f5imalus v\u00f5imlemispeo &quot;Maaelu v\u00f5lu&quot; \u00f5ppematerjalide soetamiseks | V\u00f5imlemispidu.ee<\/title>\n<meta name=\"robots\" content=\"index, follow, max-snippet:-1, max-image-preview:large, max-video-preview:-1\" \/>\n<link rel=\"canonical\" href=\"https:\/\/voimlemispidu.ee\/en\/product\/maaelu-volu-oppematerjalide-taiendav-soetamine\/\" \/>\n<meta property=\"og:locale\" content=\"en_GB\" \/>\n<meta property=\"og:type\" content=\"article\" \/>\n<meta property=\"og:title\" content=\"T\u00e4iendav v\u00f5imalus v\u00f5imlemispeo &quot;Maaelu v\u00f5lu&quot; \u00f5ppematerjalide soetamiseks | V\u00f5imlemispidu.ee\" \/>\n<meta property=\"og:description\" content=\"Juhendajad, kes ei osalenud Eestimaa v\u00f5imlemispeo \u00f5ppep\u00e4evadel, saavad kuni 30. novembrini 2025 osta kavade \u00f5ppematerjalid ja saada juhendaja taskus juurdep\u00e4\u00e4s\u00a0 k\u00f5igile kavadele, et liituda peoprotsessiga. Juurdep\u00e4\u00e4s e-\u00f5ppematerjalile antakse p\u00e4rast arve tasumist.\" \/>\n<meta property=\"og:url\" content=\"https:\/\/voimlemispidu.ee\/en\/product\/maaelu-volu-oppematerjalide-taiendav-soetamine\/\" \/>\n<meta property=\"og:site_name\" content=\"V\u00f5imlemispidu\" \/>\n<meta property=\"article:publisher\" content=\"https:\/\/www.facebook.com\/5voimlemispidu\" \/>\n<meta property=\"article:modified_time\" content=\"2025-10-22T10:44:50+00:00\" \/>\n<meta property=\"og:image\" content=\"https:\/\/voimlemispidu.ee\/wp-content\/uploads\/2025\/05\/aae50cbc-15ff-4bf9-819b-e50b862790ca.jpg\" \/>\n\t<meta property=\"og:image:width\" content=\"309\" \/>\n\t<meta property=\"og:image:height\" content=\"280\" \/>\n\t<meta property=\"og:image:type\" content=\"image\/jpeg\" \/>\n<meta name=\"twitter:card\" content=\"summary_large_image\" \/>\n<meta name=\"twitter:label1\" content=\"Estimated reading time\" \/>\n\t<meta name=\"twitter:data1\" content=\"1 minute\" \/>\n<script type=\"application\/ld+json\" class=\"yoast-schema-graph\">{\"@context\":\"https:\\\/\\\/schema.org\",\"@graph\":[{\"@type\":\"WebPage\",\"@id\":\"https:\\\/\\\/voimlemispidu.ee\\\/toode\\\/maaelu-volu-oppematerjalide-taiendav-soetamine\\\/\",\"url\":\"https:\\\/\\\/voimlemispidu.ee\\\/toode\\\/maaelu-volu-oppematerjalide-taiendav-soetamine\\\/\",\"name\":\"T\u00e4iendav v\u00f5imalus v\u00f5imlemispeo \\\"Maaelu v\u00f5lu\\\" \u00f5ppematerjalide soetamiseks | V\u00f5imlemispidu.ee\",\"isPartOf\":{\"@id\":\"https:\\\/\\\/voimlemispidu.ee\\\/#website\"},\"primaryImageOfPage\":{\"@id\":\"https:\\\/\\\/voimlemispidu.ee\\\/toode\\\/maaelu-volu-oppematerjalide-taiendav-soetamine\\\/#primaryimage\"},\"image\":{\"@id\":\"https:\\\/\\\/voimlemispidu.ee\\\/toode\\\/maaelu-volu-oppematerjalide-taiendav-soetamine\\\/#primaryimage\"},\"thumbnailUrl\":\"https:\\\/\\\/voimlemispidu.ee\\\/wp-content\\\/uploads\\\/2025\\\/05\\\/aae50cbc-15ff-4bf9-819b-e50b862790ca.jpg\",\"datePublished\":\"2025-10-22T10:09:01+00:00\",\"dateModified\":\"2025-10-22T10:44:50+00:00\",\"breadcrumb\":{\"@id\":\"https:\\\/\\\/voimlemispidu.ee\\\/toode\\\/maaelu-volu-oppematerjalide-taiendav-soetamine\\\/#breadcrumb\"},\"inLanguage\":\"en-GB\",\"potentialAction\":[{\"@type\":\"ReadAction\",\"target\":[\"https:\\\/\\\/voimlemispidu.ee\\\/toode\\\/maaelu-volu-oppematerjalide-taiendav-soetamine\\\/\"]}]},{\"@type\":\"ImageObject\",\"inLanguage\":\"en-GB\",\"@id\":\"https:\\\/\\\/voimlemispidu.ee\\\/toode\\\/maaelu-volu-oppematerjalide-taiendav-soetamine\\\/#primaryimage\",\"url\":\"https:\\\/\\\/voimlemispidu.ee\\\/wp-content\\\/uploads\\\/2025\\\/05\\\/aae50cbc-15ff-4bf9-819b-e50b862790ca.jpg\",\"contentUrl\":\"https:\\\/\\\/voimlemispidu.ee\\\/wp-content\\\/uploads\\\/2025\\\/05\\\/aae50cbc-15ff-4bf9-819b-e50b862790ca.jpg\",\"width\":309,\"height\":280},{\"@type\":\"BreadcrumbList\",\"@id\":\"https:\\\/\\\/voimlemispidu.ee\\\/toode\\\/maaelu-volu-oppematerjalide-taiendav-soetamine\\\/#breadcrumb\",\"itemListElement\":[{\"@type\":\"ListItem\",\"position\":1,\"name\":\"Home\",\"item\":\"https:\\\/\\\/voimlemispidu.ee\\\/\"},{\"@type\":\"ListItem\",\"position\":2,\"name\":\"Pood\",\"item\":\"https:\\\/\\\/voimlemispidu.ee\\\/pood\\\/\"},{\"@type\":\"ListItem\",\"position\":3,\"name\":\"T\u00e4iendav v\u00f5imalus v\u00f5imlemispeo &#8220;Maaelu v\u00f5lu&#8221; \u00f5ppematerjalide soetamiseks\"}]},{\"@type\":\"WebSite\",\"@id\":\"https:\\\/\\\/voimlemispidu.ee\\\/#website\",\"url\":\"https:\\\/\\\/voimlemispidu.ee\\\/\",\"name\":\"V\u00f5imlemispidu.ee\",\"description\":\"V\u00f5imlemispidude ametlik portaal\",\"publisher\":{\"@id\":\"https:\\\/\\\/voimlemispidu.ee\\\/#organization\"},\"potentialAction\":[{\"@type\":\"SearchAction\",\"target\":{\"@type\":\"EntryPoint\",\"urlTemplate\":\"https:\\\/\\\/voimlemispidu.ee\\\/?s={search_term_string}\"},\"query-input\":{\"@type\":\"PropertyValueSpecification\",\"valueRequired\":true,\"valueName\":\"search_term_string\"}}],\"inLanguage\":\"en-GB\"},{\"@type\":\"Organization\",\"@id\":\"https:\\\/\\\/voimlemispidu.ee\\\/#organization\",\"name\":\"V\u00f5imlemispidu.ee\",\"url\":\"https:\\\/\\\/voimlemispidu.ee\\\/\",\"logo\":{\"@type\":\"ImageObject\",\"inLanguage\":\"en-GB\",\"@id\":\"https:\\\/\\\/voimlemispidu.ee\\\/#\\\/schema\\\/logo\\\/image\\\/\",\"url\":\"https:\\\/\\\/voimlemispidu.ee\\\/wp-content\\\/uploads\\\/2020\\\/07\\\/voimlemispidu_logo3_eng.png\",\"contentUrl\":\"https:\\\/\\\/voimlemispidu.ee\\\/wp-content\\\/uploads\\\/2020\\\/07\\\/voimlemispidu_logo3_eng.png\",\"width\":1008,\"height\":245,\"caption\":\"V\u00f5imlemispidu.ee\"},\"image\":{\"@id\":\"https:\\\/\\\/voimlemispidu.ee\\\/#\\\/schema\\\/logo\\\/image\\\/\"},\"sameAs\":[\"https:\\\/\\\/www.facebook.com\\\/5voimlemispidu\"]}]}<\/script>\n<!-- \/ Yoast SEO plugin. -->","yoast_head_json":{"title":"T\u00e4iendav v\u00f5imalus v\u00f5imlemispeo \"Maaelu v\u00f5lu\" \u00f5ppematerjalide soetamiseks | V\u00f5imlemispidu.ee","robots":{"index":"index","follow":"follow","max-snippet":"max-snippet:-1","max-image-preview":"max-image-preview:large","max-video-preview":"max-video-preview:-1"},"canonical":"https:\/\/voimlemispidu.ee\/en\/product\/maaelu-volu-oppematerjalide-taiendav-soetamine\/","og_locale":"en_GB","og_type":"article","og_title":"T\u00e4iendav v\u00f5imalus v\u00f5imlemispeo \"Maaelu v\u00f5lu\" \u00f5ppematerjalide soetamiseks | V\u00f5imlemispidu.ee","og_description":"Juhendajad, kes ei osalenud Eestimaa v\u00f5imlemispeo \u00f5ppep\u00e4evadel, saavad kuni 30. novembrini 2025 osta kavade \u00f5ppematerjalid ja saada juhendaja taskus juurdep\u00e4\u00e4s\u00a0 k\u00f5igile kavadele, et liituda peoprotsessiga. Juurdep\u00e4\u00e4s e-\u00f5ppematerjalile antakse p\u00e4rast arve tasumist.","og_url":"https:\/\/voimlemispidu.ee\/en\/product\/maaelu-volu-oppematerjalide-taiendav-soetamine\/","og_site_name":"V\u00f5imlemispidu","article_publisher":"https:\/\/www.facebook.com\/5voimlemispidu","article_modified_time":"2025-10-22T10:44:50+00:00","og_image":[{"width":309,"height":280,"url":"https:\/\/voimlemispidu.ee\/wp-content\/uploads\/2025\/05\/aae50cbc-15ff-4bf9-819b-e50b862790ca.jpg","type":"image\/jpeg"}],"twitter_card":"summary_large_image","twitter_misc":{"Estimated reading time":"1 minute"},"schema":{"@context":"https:\/\/schema.org","@graph":[{"@type":"WebPage","@id":"https:\/\/voimlemispidu.ee\/toode\/maaelu-volu-oppematerjalide-taiendav-soetamine\/","url":"https:\/\/voimlemispidu.ee\/toode\/maaelu-volu-oppematerjalide-taiendav-soetamine\/","name":"T\u00e4iendav v\u00f5imalus v\u00f5imlemispeo \"Maaelu v\u00f5lu\" \u00f5ppematerjalide soetamiseks | V\u00f5imlemispidu.ee","isPartOf":{"@id":"https:\/\/voimlemispidu.ee\/#website"},"primaryImageOfPage":{"@id":"https:\/\/voimlemispidu.ee\/toode\/maaelu-volu-oppematerjalide-taiendav-soetamine\/#primaryimage"},"image":{"@id":"https:\/\/voimlemispidu.ee\/toode\/maaelu-volu-oppematerjalide-taiendav-soetamine\/#primaryimage"},"thumbnailUrl":"https:\/\/voimlemispidu.ee\/wp-content\/uploads\/2025\/05\/aae50cbc-15ff-4bf9-819b-e50b862790ca.jpg","datePublished":"2025-10-22T10:09:01+00:00","dateModified":"2025-10-22T10:44:50+00:00","breadcrumb":{"@id":"https:\/\/voimlemispidu.ee\/toode\/maaelu-volu-oppematerjalide-taiendav-soetamine\/#breadcrumb"},"inLanguage":"en-GB","potentialAction":[{"@type":"ReadAction","target":["https:\/\/voimlemispidu.ee\/toode\/maaelu-volu-oppematerjalide-taiendav-soetamine\/"]}]},{"@type":"ImageObject","inLanguage":"en-GB","@id":"https:\/\/voimlemispidu.ee\/toode\/maaelu-volu-oppematerjalide-taiendav-soetamine\/#primaryimage","url":"https:\/\/voimlemispidu.ee\/wp-content\/uploads\/2025\/05\/aae50cbc-15ff-4bf9-819b-e50b862790ca.jpg","contentUrl":"https:\/\/voimlemispidu.ee\/wp-content\/uploads\/2025\/05\/aae50cbc-15ff-4bf9-819b-e50b862790ca.jpg","width":309,"height":280},{"@type":"BreadcrumbList","@id":"https:\/\/voimlemispidu.ee\/toode\/maaelu-volu-oppematerjalide-taiendav-soetamine\/#breadcrumb","itemListElement":[{"@type":"ListItem","position":1,"name":"Home","item":"https:\/\/voimlemispidu.ee\/"},{"@type":"ListItem","position":2,"name":"Pood","item":"https:\/\/voimlemispidu.ee\/pood\/"},{"@type":"ListItem","position":3,"name":"T\u00e4iendav v\u00f5imalus v\u00f5imlemispeo &#8220;Maaelu v\u00f5lu&#8221; \u00f5ppematerjalide soetamiseks"}]},{"@type":"WebSite","@id":"https:\/\/voimlemispidu.ee\/#website","url":"https:\/\/voimlemispidu.ee\/","name":"V\u00f5imlemispidu.ee","description":"V\u00f5imlemispidude ametlik portaal","publisher":{"@id":"https:\/\/voimlemispidu.ee\/#organization"},"potentialAction":[{"@type":"SearchAction","target":{"@type":"EntryPoint","urlTemplate":"https:\/\/voimlemispidu.ee\/?s={search_term_string}"},"query-input":{"@type":"PropertyValueSpecification","valueRequired":true,"valueName":"search_term_string"}}],"inLanguage":"en-GB"},{"@type":"Organization","@id":"https:\/\/voimlemispidu.ee\/#organization","name":"V\u00f5imlemispidu.ee","url":"https:\/\/voimlemispidu.ee\/","logo":{"@type":"ImageObject","inLanguage":"en-GB","@id":"https:\/\/voimlemispidu.ee\/#\/schema\/logo\/image\/","url":"https:\/\/voimlemispidu.ee\/wp-content\/uploads\/2020\/07\/voimlemispidu_logo3_eng.png","contentUrl":"https:\/\/voimlemispidu.ee\/wp-content\/uploads\/2020\/07\/voimlemispidu_logo3_eng.png","width":1008,"height":245,"caption":"V\u00f5imlemispidu.ee"},"image":{"@id":"https:\/\/voimlemispidu.ee\/#\/schema\/logo\/image\/"},"sameAs":["https:\/\/www.facebook.com\/5voimlemispidu"]}]}},"_links":{"self":[{"href":"https:\/\/voimlemispidu.ee\/en\/wp-json\/wp\/v2\/product\/18106","targetHints":{"allow":["GET"]}}],"collection":[{"href":"https:\/\/voimlemispidu.ee\/en\/wp-json\/wp\/v2\/product"}],"about":[{"href":"https:\/\/voimlemispidu.ee\/en\/wp-json\/wp\/v2\/types\/product"}],"wp:featuredmedia":[{"embeddable":true,"href":"https:\/\/voimlemispidu.ee\/en\/wp-json\/wp\/v2\/media\/17411"}],"wp:attachment":[{"href":"https:\/\/voimlemispidu.ee\/en\/wp-json\/wp\/v2\/media?parent=18106"}],"wp:term":[{"taxonomy":"product_brand","embeddable":true,"href":"https:\/\/voimlemispidu.ee\/en\/wp-json\/wp\/v2\/product_brand?post=18106"},{"taxonomy":"product_cat","embeddable":true,"href":"https:\/\/voimlemispidu.ee\/en\/wp-json\/wp\/v2\/product_cat?post=18106"},{"taxonomy":"product_tag","embeddable":true,"href":"https:\/\/voimlemispidu.ee\/en\/wp-json\/wp\/v2\/product_tag?post=18106"}],"curies":[{"name":"wp","href":"https:\/\/api.w.org\/{rel}","templated":true}]}}