{"id":18308,"date":"2025-11-12T16:54:01","date_gmt":"2025-11-12T14:54:01","guid":{"rendered":"https:\/\/voimlemispidu.ee\/?post_type=product&#038;p=18308"},"modified":"2026-02-27T08:37:32","modified_gmt":"2026-02-27T06:37:32","slug":"meeste-valge-t-sark","status":"publish","type":"product","link":"https:\/\/voimlemispidu.ee\/en\/product\/meeste-valge-t-sark\/","title":{"rendered":"Meeste valge t-s\u00e4rk"},"content":{"rendered":"<p>Meeste valge t-s\u00e4rk<\/p>\n<table width=\"595\">\n<tbody>\n<tr>\n<td width=\"145\">Suurus<\/td>\n<td width=\"75\">S<\/td>\n<td width=\"75\">M<\/td>\n<td width=\"75\">L<\/td>\n<td width=\"75\">XL<\/td>\n<td width=\"75\">2XL<\/td>\n<td width=\"75\">3XL<\/td>\n<\/tr>\n<tr>\n<td>Rinna\u00fcmberm\u00f5\u00f5t<\/td>\n<td>90-94<\/td>\n<td>94-99<\/td>\n<td>99-106<\/td>\n<td>106-113<\/td>\n<td>113-119<\/td>\n<td>119-125<\/td>\n<\/tr>\n<tr>\n<td>V\u00f6\u00f6\u00fcmberm\u00f5\u00f5t<\/td>\n<td>79-83<\/td>\n<td>83-88<\/td>\n<td>88-95<\/td>\n<td>95-102<\/td>\n<td>102-109<\/td>\n<td>109-116<\/td>\n<\/tr>\n<tr>\n<td>Puusa\u00fcmberm\u00f5\u00f5t<\/td>\n<td>94-98<\/td>\n<td>98-103<\/td>\n<td>103-110<\/td>\n<td>110-117<\/td>\n<td>117-124<\/td>\n<td>124-131<\/td>\n<\/tr>\n<\/tbody>\n<\/table>","protected":false},"excerpt":{"rendered":"<p>Meeste valge t-s\u00e4rk<\/p>","protected":false},"featured_media":18315,"template":"","meta":[],"product_brand":[],"product_cat":[513],"product_tag":[],"class_list":{"0":"post-18308","1":"product","2":"type-product","3":"status-publish","4":"has-post-thumbnail","6":"product_cat-mehed-poisid-rehvid","8":"first","9":"instock","10":"shipping-taxable","11":"purchasable","12":"product-type-variable"},"yoast_head":"<!-- This site is optimized with the Yoast SEO plugin v27.3 - https:\/\/yoast.com\/product\/yoast-seo-wordpress\/ -->\n<title>Meeste valge t-s\u00e4rk | V\u00f5imlemispidu.ee<\/title>\n<meta name=\"robots\" content=\"index, follow, max-snippet:-1, max-image-preview:large, max-video-preview:-1\" \/>\n<link rel=\"canonical\" href=\"https:\/\/voimlemispidu.ee\/en\/product\/meeste-valge-t-sark\/\" \/>\n<meta property=\"og:locale\" content=\"en_GB\" \/>\n<meta property=\"og:type\" content=\"article\" \/>\n<meta property=\"og:title\" content=\"Meeste valge t-s\u00e4rk | V\u00f5imlemispidu.ee\" \/>\n<meta property=\"og:description\" content=\"Meeste valge t-s\u00e4rk\" \/>\n<meta property=\"og:url\" content=\"https:\/\/voimlemispidu.ee\/en\/product\/meeste-valge-t-sark\/\" \/>\n<meta property=\"og:site_name\" content=\"V\u00f5imlemispidu\" \/>\n<meta property=\"article:publisher\" content=\"https:\/\/www.facebook.com\/5voimlemispidu\" \/>\n<meta property=\"article:modified_time\" content=\"2026-02-27T06:37:32+00:00\" \/>\n<meta property=\"og:image\" content=\"https:\/\/voimlemispidu.ee\/wp-content\/uploads\/2025\/11\/Meeste-valge-t-sark.png\" \/>\n\t<meta property=\"og:image:width\" content=\"353\" \/>\n\t<meta property=\"og:image:height\" content=\"530\" \/>\n\t<meta property=\"og:image:type\" content=\"image\/png\" \/>\n<meta name=\"twitter:card\" content=\"summary_large_image\" \/>\n<meta name=\"twitter:label1\" content=\"Estimated reading time\" \/>\n\t<meta name=\"twitter:data1\" content=\"1 minute\" \/>\n<script type=\"application\/ld+json\" class=\"yoast-schema-graph\">{\"@context\":\"https:\\\/\\\/schema.org\",\"@graph\":[{\"@type\":\"WebPage\",\"@id\":\"https:\\\/\\\/voimlemispidu.ee\\\/toode\\\/meeste-valge-t-sark\\\/\",\"url\":\"https:\\\/\\\/voimlemispidu.ee\\\/toode\\\/meeste-valge-t-sark\\\/\",\"name\":\"Meeste valge t-s\u00e4rk | V\u00f5imlemispidu.ee\",\"isPartOf\":{\"@id\":\"https:\\\/\\\/voimlemispidu.ee\\\/#website\"},\"primaryImageOfPage\":{\"@id\":\"https:\\\/\\\/voimlemispidu.ee\\\/toode\\\/meeste-valge-t-sark\\\/#primaryimage\"},\"image\":{\"@id\":\"https:\\\/\\\/voimlemispidu.ee\\\/toode\\\/meeste-valge-t-sark\\\/#primaryimage\"},\"thumbnailUrl\":\"https:\\\/\\\/voimlemispidu.ee\\\/wp-content\\\/uploads\\\/2025\\\/11\\\/Meeste-valge-t-sark.png\",\"datePublished\":\"2025-11-12T14:54:01+00:00\",\"dateModified\":\"2026-02-27T06:37:32+00:00\",\"breadcrumb\":{\"@id\":\"https:\\\/\\\/voimlemispidu.ee\\\/toode\\\/meeste-valge-t-sark\\\/#breadcrumb\"},\"inLanguage\":\"en-GB\",\"potentialAction\":[{\"@type\":\"ReadAction\",\"target\":[\"https:\\\/\\\/voimlemispidu.ee\\\/toode\\\/meeste-valge-t-sark\\\/\"]}]},{\"@type\":\"ImageObject\",\"inLanguage\":\"en-GB\",\"@id\":\"https:\\\/\\\/voimlemispidu.ee\\\/toode\\\/meeste-valge-t-sark\\\/#primaryimage\",\"url\":\"https:\\\/\\\/voimlemispidu.ee\\\/wp-content\\\/uploads\\\/2025\\\/11\\\/Meeste-valge-t-sark.png\",\"contentUrl\":\"https:\\\/\\\/voimlemispidu.ee\\\/wp-content\\\/uploads\\\/2025\\\/11\\\/Meeste-valge-t-sark.png\",\"width\":353,\"height\":530},{\"@type\":\"BreadcrumbList\",\"@id\":\"https:\\\/\\\/voimlemispidu.ee\\\/toode\\\/meeste-valge-t-sark\\\/#breadcrumb\",\"itemListElement\":[{\"@type\":\"ListItem\",\"position\":1,\"name\":\"Home\",\"item\":\"https:\\\/\\\/voimlemispidu.ee\\\/\"},{\"@type\":\"ListItem\",\"position\":2,\"name\":\"Pood\",\"item\":\"https:\\\/\\\/voimlemispidu.ee\\\/pood\\\/\"},{\"@type\":\"ListItem\",\"position\":3,\"name\":\"Meeste valge t-s\u00e4rk\"}]},{\"@type\":\"WebSite\",\"@id\":\"https:\\\/\\\/voimlemispidu.ee\\\/#website\",\"url\":\"https:\\\/\\\/voimlemispidu.ee\\\/\",\"name\":\"V\u00f5imlemispidu.ee\",\"description\":\"V\u00f5imlemispidude ametlik portaal\",\"publisher\":{\"@id\":\"https:\\\/\\\/voimlemispidu.ee\\\/#organization\"},\"potentialAction\":[{\"@type\":\"SearchAction\",\"target\":{\"@type\":\"EntryPoint\",\"urlTemplate\":\"https:\\\/\\\/voimlemispidu.ee\\\/?s={search_term_string}\"},\"query-input\":{\"@type\":\"PropertyValueSpecification\",\"valueRequired\":true,\"valueName\":\"search_term_string\"}}],\"inLanguage\":\"en-GB\"},{\"@type\":\"Organization\",\"@id\":\"https:\\\/\\\/voimlemispidu.ee\\\/#organization\",\"name\":\"V\u00f5imlemispidu.ee\",\"url\":\"https:\\\/\\\/voimlemispidu.ee\\\/\",\"logo\":{\"@type\":\"ImageObject\",\"inLanguage\":\"en-GB\",\"@id\":\"https:\\\/\\\/voimlemispidu.ee\\\/#\\\/schema\\\/logo\\\/image\\\/\",\"url\":\"https:\\\/\\\/voimlemispidu.ee\\\/wp-content\\\/uploads\\\/2020\\\/07\\\/voimlemispidu_logo3_eng.png\",\"contentUrl\":\"https:\\\/\\\/voimlemispidu.ee\\\/wp-content\\\/uploads\\\/2020\\\/07\\\/voimlemispidu_logo3_eng.png\",\"width\":1008,\"height\":245,\"caption\":\"V\u00f5imlemispidu.ee\"},\"image\":{\"@id\":\"https:\\\/\\\/voimlemispidu.ee\\\/#\\\/schema\\\/logo\\\/image\\\/\"},\"sameAs\":[\"https:\\\/\\\/www.facebook.com\\\/5voimlemispidu\"]}]}<\/script>\n<!-- \/ Yoast SEO plugin. -->","yoast_head_json":{"title":"Meeste valge t-s\u00e4rk | V\u00f5imlemispidu.ee","robots":{"index":"index","follow":"follow","max-snippet":"max-snippet:-1","max-image-preview":"max-image-preview:large","max-video-preview":"max-video-preview:-1"},"canonical":"https:\/\/voimlemispidu.ee\/en\/product\/meeste-valge-t-sark\/","og_locale":"en_GB","og_type":"article","og_title":"Meeste valge t-s\u00e4rk | V\u00f5imlemispidu.ee","og_description":"Meeste valge t-s\u00e4rk","og_url":"https:\/\/voimlemispidu.ee\/en\/product\/meeste-valge-t-sark\/","og_site_name":"V\u00f5imlemispidu","article_publisher":"https:\/\/www.facebook.com\/5voimlemispidu","article_modified_time":"2026-02-27T06:37:32+00:00","og_image":[{"width":353,"height":530,"url":"https:\/\/voimlemispidu.ee\/wp-content\/uploads\/2025\/11\/Meeste-valge-t-sark.png","type":"image\/png"}],"twitter_card":"summary_large_image","twitter_misc":{"Estimated reading time":"1 minute"},"schema":{"@context":"https:\/\/schema.org","@graph":[{"@type":"WebPage","@id":"https:\/\/voimlemispidu.ee\/toode\/meeste-valge-t-sark\/","url":"https:\/\/voimlemispidu.ee\/toode\/meeste-valge-t-sark\/","name":"Meeste valge t-s\u00e4rk | V\u00f5imlemispidu.ee","isPartOf":{"@id":"https:\/\/voimlemispidu.ee\/#website"},"primaryImageOfPage":{"@id":"https:\/\/voimlemispidu.ee\/toode\/meeste-valge-t-sark\/#primaryimage"},"image":{"@id":"https:\/\/voimlemispidu.ee\/toode\/meeste-valge-t-sark\/#primaryimage"},"thumbnailUrl":"https:\/\/voimlemispidu.ee\/wp-content\/uploads\/2025\/11\/Meeste-valge-t-sark.png","datePublished":"2025-11-12T14:54:01+00:00","dateModified":"2026-02-27T06:37:32+00:00","breadcrumb":{"@id":"https:\/\/voimlemispidu.ee\/toode\/meeste-valge-t-sark\/#breadcrumb"},"inLanguage":"en-GB","potentialAction":[{"@type":"ReadAction","target":["https:\/\/voimlemispidu.ee\/toode\/meeste-valge-t-sark\/"]}]},{"@type":"ImageObject","inLanguage":"en-GB","@id":"https:\/\/voimlemispidu.ee\/toode\/meeste-valge-t-sark\/#primaryimage","url":"https:\/\/voimlemispidu.ee\/wp-content\/uploads\/2025\/11\/Meeste-valge-t-sark.png","contentUrl":"https:\/\/voimlemispidu.ee\/wp-content\/uploads\/2025\/11\/Meeste-valge-t-sark.png","width":353,"height":530},{"@type":"BreadcrumbList","@id":"https:\/\/voimlemispidu.ee\/toode\/meeste-valge-t-sark\/#breadcrumb","itemListElement":[{"@type":"ListItem","position":1,"name":"Home","item":"https:\/\/voimlemispidu.ee\/"},{"@type":"ListItem","position":2,"name":"Pood","item":"https:\/\/voimlemispidu.ee\/pood\/"},{"@type":"ListItem","position":3,"name":"Meeste valge t-s\u00e4rk"}]},{"@type":"WebSite","@id":"https:\/\/voimlemispidu.ee\/#website","url":"https:\/\/voimlemispidu.ee\/","name":"V\u00f5imlemispidu.ee","description":"V\u00f5imlemispidude ametlik portaal","publisher":{"@id":"https:\/\/voimlemispidu.ee\/#organization"},"potentialAction":[{"@type":"SearchAction","target":{"@type":"EntryPoint","urlTemplate":"https:\/\/voimlemispidu.ee\/?s={search_term_string}"},"query-input":{"@type":"PropertyValueSpecification","valueRequired":true,"valueName":"search_term_string"}}],"inLanguage":"en-GB"},{"@type":"Organization","@id":"https:\/\/voimlemispidu.ee\/#organization","name":"V\u00f5imlemispidu.ee","url":"https:\/\/voimlemispidu.ee\/","logo":{"@type":"ImageObject","inLanguage":"en-GB","@id":"https:\/\/voimlemispidu.ee\/#\/schema\/logo\/image\/","url":"https:\/\/voimlemispidu.ee\/wp-content\/uploads\/2020\/07\/voimlemispidu_logo3_eng.png","contentUrl":"https:\/\/voimlemispidu.ee\/wp-content\/uploads\/2020\/07\/voimlemispidu_logo3_eng.png","width":1008,"height":245,"caption":"V\u00f5imlemispidu.ee"},"image":{"@id":"https:\/\/voimlemispidu.ee\/#\/schema\/logo\/image\/"},"sameAs":["https:\/\/www.facebook.com\/5voimlemispidu"]}]}},"_links":{"self":[{"href":"https:\/\/voimlemispidu.ee\/en\/wp-json\/wp\/v2\/product\/18308","targetHints":{"allow":["GET"]}}],"collection":[{"href":"https:\/\/voimlemispidu.ee\/en\/wp-json\/wp\/v2\/product"}],"about":[{"href":"https:\/\/voimlemispidu.ee\/en\/wp-json\/wp\/v2\/types\/product"}],"wp:featuredmedia":[{"embeddable":true,"href":"https:\/\/voimlemispidu.ee\/en\/wp-json\/wp\/v2\/media\/18315"}],"wp:attachment":[{"href":"https:\/\/voimlemispidu.ee\/en\/wp-json\/wp\/v2\/media?parent=18308"}],"wp:term":[{"taxonomy":"product_brand","embeddable":true,"href":"https:\/\/voimlemispidu.ee\/en\/wp-json\/wp\/v2\/product_brand?post=18308"},{"taxonomy":"product_cat","embeddable":true,"href":"https:\/\/voimlemispidu.ee\/en\/wp-json\/wp\/v2\/product_cat?post=18308"},{"taxonomy":"product_tag","embeddable":true,"href":"https:\/\/voimlemispidu.ee\/en\/wp-json\/wp\/v2\/product_tag?post=18308"}],"curies":[{"name":"wp","href":"https:\/\/api.w.org\/{rel}","templated":true}]}}