{"id":18649,"date":"2025-11-12T22:25:40","date_gmt":"2025-11-12T20:25:40","guid":{"rendered":"https:\/\/voimlemispidu.ee\/?post_type=product&#038;p=18649"},"modified":"2025-11-13T13:37:56","modified_gmt":"2025-11-13T11:37:56","slug":"valge-t-sark","status":"publish","type":"product","link":"https:\/\/voimlemispidu.ee\/en\/product\/valge-t-sark\/","title":{"rendered":""},"content":{"rendered":"<div style=\"padding: 50px;text-align: center\">\r\n<p style=\"color: #3a913f\">See leht on m\u00f5eldud k\u00fclastamiseks vaid juhendajatele ja treeneritele. Registreeri kasutajaks, et lehte vaadata.<\/p>\r\n<p>Treeneritel ja juhendajatel on vajalik portaali kasutajaks registreeruda. See v\u00f5imaldab teil registreerida seminaridele, v\u00f5imlemispidudele, tellida riideid v\u00f5imlemispidude tarbeks\u00a0ja p\u00e4\u00e4seda ligi vajalikele materjalidele.<\/p>\r\n<p>Lisainfo saamiseks v\u00f5ta \u00fchendust:<\/p>\r\n<p>Phone: <a href=\"tel:+3726154280\">+372 615 4280<\/a><br \/>E-mail:\u00a0<a href=\"mailto:info@eestikalev.ee\">info@eestikalev.ee<\/a><\/p>\r\n<\/div>","protected":false},"excerpt":{"rendered":"","protected":false},"featured_media":18315,"template":"","meta":[],"product_brand":[],"product_cat":[511],"product_tag":[],"class_list":{"0":"post-18649","1":"product","2":"type-product","3":"status-publish","5":"product_cat-tantsustuudiod-linnalovid","7":"first","8":"instock","9":"shipping-taxable","10":"purchasable","11":"product-type-variable"},"yoast_head":"<!-- This site is optimized with the Yoast SEO plugin v27.3 - https:\/\/yoast.com\/product\/yoast-seo-wordpress\/ -->\n<title>Valge t-s\u00e4rk | V\u00f5imlemispidu.ee<\/title>\n<meta name=\"robots\" content=\"index, follow, max-snippet:-1, max-image-preview:large, max-video-preview:-1\" \/>\n<link rel=\"canonical\" href=\"https:\/\/voimlemispidu.ee\/en\/product\/valge-t-sark\/\" \/>\n<meta property=\"og:locale\" content=\"en_GB\" \/>\n<meta property=\"og:type\" content=\"article\" \/>\n<meta property=\"og:title\" content=\"Valge t-s\u00e4rk | V\u00f5imlemispidu.ee\" \/>\n<meta property=\"og:url\" content=\"https:\/\/voimlemispidu.ee\/en\/product\/valge-t-sark\/\" \/>\n<meta property=\"og:site_name\" content=\"V\u00f5imlemispidu\" \/>\n<meta property=\"article:publisher\" content=\"https:\/\/www.facebook.com\/5voimlemispidu\" \/>\n<meta property=\"article:modified_time\" content=\"2025-11-13T11:37:56+00:00\" \/>\n<meta property=\"og:image\" content=\"https:\/\/voimlemispidu.ee\/wp-content\/uploads\/2025\/11\/Meeste-valge-t-sark.png\" \/>\n\t<meta property=\"og:image:width\" content=\"353\" \/>\n\t<meta property=\"og:image:height\" content=\"530\" \/>\n\t<meta property=\"og:image:type\" content=\"image\/png\" \/>\n<meta name=\"twitter:card\" content=\"summary_large_image\" \/>\n<meta name=\"twitter:label1\" content=\"Estimated reading time\" \/>\n\t<meta name=\"twitter:data1\" content=\"1 minute\" \/>\n<script type=\"application\/ld+json\" class=\"yoast-schema-graph\">{\"@context\":\"https:\\\/\\\/schema.org\",\"@graph\":[{\"@type\":\"WebPage\",\"@id\":\"https:\\\/\\\/voimlemispidu.ee\\\/toode\\\/valge-t-sark\\\/\",\"url\":\"https:\\\/\\\/voimlemispidu.ee\\\/toode\\\/valge-t-sark\\\/\",\"name\":\"Valge t-s\u00e4rk | V\u00f5imlemispidu.ee\",\"isPartOf\":{\"@id\":\"https:\\\/\\\/voimlemispidu.ee\\\/#website\"},\"datePublished\":\"2025-11-12T20:25:40+00:00\",\"dateModified\":\"2025-11-13T11:37:56+00:00\",\"breadcrumb\":{\"@id\":\"https:\\\/\\\/voimlemispidu.ee\\\/toode\\\/valge-t-sark\\\/#breadcrumb\"},\"inLanguage\":\"en-GB\",\"potentialAction\":[{\"@type\":\"ReadAction\",\"target\":[\"https:\\\/\\\/voimlemispidu.ee\\\/toode\\\/valge-t-sark\\\/\"]}]},{\"@type\":\"BreadcrumbList\",\"@id\":\"https:\\\/\\\/voimlemispidu.ee\\\/toode\\\/valge-t-sark\\\/#breadcrumb\",\"itemListElement\":[{\"@type\":\"ListItem\",\"position\":1,\"name\":\"Home\",\"item\":\"https:\\\/\\\/voimlemispidu.ee\\\/\"},{\"@type\":\"ListItem\",\"position\":2,\"name\":\"Pood\",\"item\":\"https:\\\/\\\/voimlemispidu.ee\\\/pood\\\/\"},{\"@type\":\"ListItem\",\"position\":3,\"name\":\"Valge t-s\u00e4rk\"}]},{\"@type\":\"WebSite\",\"@id\":\"https:\\\/\\\/voimlemispidu.ee\\\/#website\",\"url\":\"https:\\\/\\\/voimlemispidu.ee\\\/\",\"name\":\"V\u00f5imlemispidu.ee\",\"description\":\"V\u00f5imlemispidude ametlik portaal\",\"publisher\":{\"@id\":\"https:\\\/\\\/voimlemispidu.ee\\\/#organization\"},\"potentialAction\":[{\"@type\":\"SearchAction\",\"target\":{\"@type\":\"EntryPoint\",\"urlTemplate\":\"https:\\\/\\\/voimlemispidu.ee\\\/?s={search_term_string}\"},\"query-input\":{\"@type\":\"PropertyValueSpecification\",\"valueRequired\":true,\"valueName\":\"search_term_string\"}}],\"inLanguage\":\"en-GB\"},{\"@type\":\"Organization\",\"@id\":\"https:\\\/\\\/voimlemispidu.ee\\\/#organization\",\"name\":\"V\u00f5imlemispidu.ee\",\"url\":\"https:\\\/\\\/voimlemispidu.ee\\\/\",\"logo\":{\"@type\":\"ImageObject\",\"inLanguage\":\"en-GB\",\"@id\":\"https:\\\/\\\/voimlemispidu.ee\\\/#\\\/schema\\\/logo\\\/image\\\/\",\"url\":\"https:\\\/\\\/voimlemispidu.ee\\\/wp-content\\\/uploads\\\/2020\\\/07\\\/voimlemispidu_logo3_eng.png\",\"contentUrl\":\"https:\\\/\\\/voimlemispidu.ee\\\/wp-content\\\/uploads\\\/2020\\\/07\\\/voimlemispidu_logo3_eng.png\",\"width\":1008,\"height\":245,\"caption\":\"V\u00f5imlemispidu.ee\"},\"image\":{\"@id\":\"https:\\\/\\\/voimlemispidu.ee\\\/#\\\/schema\\\/logo\\\/image\\\/\"},\"sameAs\":[\"https:\\\/\\\/www.facebook.com\\\/5voimlemispidu\"]}]}<\/script>\n<!-- \/ Yoast SEO plugin. -->","yoast_head_json":{"title":"Valge t-s\u00e4rk | V\u00f5imlemispidu.ee","robots":{"index":"index","follow":"follow","max-snippet":"max-snippet:-1","max-image-preview":"max-image-preview:large","max-video-preview":"max-video-preview:-1"},"canonical":"https:\/\/voimlemispidu.ee\/en\/product\/valge-t-sark\/","og_locale":"en_GB","og_type":"article","og_title":"Valge t-s\u00e4rk | V\u00f5imlemispidu.ee","og_url":"https:\/\/voimlemispidu.ee\/en\/product\/valge-t-sark\/","og_site_name":"V\u00f5imlemispidu","article_publisher":"https:\/\/www.facebook.com\/5voimlemispidu","article_modified_time":"2025-11-13T11:37:56+00:00","og_image":[{"width":353,"height":530,"url":"https:\/\/voimlemispidu.ee\/wp-content\/uploads\/2025\/11\/Meeste-valge-t-sark.png","type":"image\/png"}],"twitter_card":"summary_large_image","twitter_misc":{"Estimated reading time":"1 minute"},"schema":{"@context":"https:\/\/schema.org","@graph":[{"@type":"WebPage","@id":"https:\/\/voimlemispidu.ee\/toode\/valge-t-sark\/","url":"https:\/\/voimlemispidu.ee\/toode\/valge-t-sark\/","name":"Valge t-s\u00e4rk | V\u00f5imlemispidu.ee","isPartOf":{"@id":"https:\/\/voimlemispidu.ee\/#website"},"datePublished":"2025-11-12T20:25:40+00:00","dateModified":"2025-11-13T11:37:56+00:00","breadcrumb":{"@id":"https:\/\/voimlemispidu.ee\/toode\/valge-t-sark\/#breadcrumb"},"inLanguage":"en-GB","potentialAction":[{"@type":"ReadAction","target":["https:\/\/voimlemispidu.ee\/toode\/valge-t-sark\/"]}]},{"@type":"BreadcrumbList","@id":"https:\/\/voimlemispidu.ee\/toode\/valge-t-sark\/#breadcrumb","itemListElement":[{"@type":"ListItem","position":1,"name":"Home","item":"https:\/\/voimlemispidu.ee\/"},{"@type":"ListItem","position":2,"name":"Pood","item":"https:\/\/voimlemispidu.ee\/pood\/"},{"@type":"ListItem","position":3,"name":"Valge t-s\u00e4rk"}]},{"@type":"WebSite","@id":"https:\/\/voimlemispidu.ee\/#website","url":"https:\/\/voimlemispidu.ee\/","name":"V\u00f5imlemispidu.ee","description":"V\u00f5imlemispidude ametlik portaal","publisher":{"@id":"https:\/\/voimlemispidu.ee\/#organization"},"potentialAction":[{"@type":"SearchAction","target":{"@type":"EntryPoint","urlTemplate":"https:\/\/voimlemispidu.ee\/?s={search_term_string}"},"query-input":{"@type":"PropertyValueSpecification","valueRequired":true,"valueName":"search_term_string"}}],"inLanguage":"en-GB"},{"@type":"Organization","@id":"https:\/\/voimlemispidu.ee\/#organization","name":"V\u00f5imlemispidu.ee","url":"https:\/\/voimlemispidu.ee\/","logo":{"@type":"ImageObject","inLanguage":"en-GB","@id":"https:\/\/voimlemispidu.ee\/#\/schema\/logo\/image\/","url":"https:\/\/voimlemispidu.ee\/wp-content\/uploads\/2020\/07\/voimlemispidu_logo3_eng.png","contentUrl":"https:\/\/voimlemispidu.ee\/wp-content\/uploads\/2020\/07\/voimlemispidu_logo3_eng.png","width":1008,"height":245,"caption":"V\u00f5imlemispidu.ee"},"image":{"@id":"https:\/\/voimlemispidu.ee\/#\/schema\/logo\/image\/"},"sameAs":["https:\/\/www.facebook.com\/5voimlemispidu"]}]}},"_links":{"self":[{"href":"https:\/\/voimlemispidu.ee\/en\/wp-json\/wp\/v2\/product\/18649","targetHints":{"allow":["GET"]}}],"collection":[{"href":"https:\/\/voimlemispidu.ee\/en\/wp-json\/wp\/v2\/product"}],"about":[{"href":"https:\/\/voimlemispidu.ee\/en\/wp-json\/wp\/v2\/types\/product"}],"wp:featuredmedia":[{"embeddable":true,"href":"https:\/\/voimlemispidu.ee\/en\/wp-json\/wp\/v2\/media\/18315"}],"wp:attachment":[{"href":"https:\/\/voimlemispidu.ee\/en\/wp-json\/wp\/v2\/media?parent=18649"}],"wp:term":[{"taxonomy":"product_brand","embeddable":true,"href":"https:\/\/voimlemispidu.ee\/en\/wp-json\/wp\/v2\/product_brand?post=18649"},{"taxonomy":"product_cat","embeddable":true,"href":"https:\/\/voimlemispidu.ee\/en\/wp-json\/wp\/v2\/product_cat?post=18649"},{"taxonomy":"product_tag","embeddable":true,"href":"https:\/\/voimlemispidu.ee\/en\/wp-json\/wp\/v2\/product_tag?post=18649"}],"curies":[{"name":"wp","href":"https:\/\/api.w.org\/{rel}","templated":true}]}}